{"id":7183,"date":"2023-06-12T12:22:37","date_gmt":"2023-06-12T09:22:37","guid":{"rendered":"https:\/\/purelapland.fi\/vastuullinen-matkailu\/"},"modified":"2025-04-23T09:46:31","modified_gmt":"2025-04-23T06:46:31","slug":"vastuullinen-matkailu","status":"publish","type":"page","link":"https:\/\/purelapland.fi\/fi\/vastuullinen-matkailu\/","title":{"rendered":"Vastuullinen matkailu"},"content":{"rendered":"\t\t<div data-elementor-type=\"wp-page\" data-elementor-id=\"7183\" class=\"elementor elementor-7183 elementor-7139\" data-elementor-post-type=\"page\">\n\t\t\t\t\t\t<section class=\"elementor-section elementor-top-section elementor-element elementor-element-b0542fa elementor-section-height-min-height elementor-section-items-stretch elementor-section-boxed elementor-section-height-default\" data-id=\"b0542fa\" data-element_type=\"section\" data-e-type=\"section\" data-settings=\"{&quot;background_background&quot;:&quot;classic&quot;,&quot;shape_divider_bottom&quot;:&quot;triangle&quot;,&quot;shape_divider_bottom_negative&quot;:&quot;yes&quot;}\">\n\t\t\t\t\t\t\t<div class=\"elementor-background-overlay\"><\/div>\n\t\t\t\t\t\t<div class=\"elementor-shape elementor-shape-bottom\" aria-hidden=\"true\" data-negative=\"true\">\n\t\t\t<svg xmlns=\"http:\/\/www.w3.org\/2000\/svg\" viewBox=\"0 0 1000 100\" preserveAspectRatio=\"none\">\n\t<path class=\"elementor-shape-fill\" d=\"M500.2,94.7L0,0v100h1000V0L500.2,94.7z\"\/>\n<\/svg>\t\t<\/div>\n\t\t\t\t\t<div class=\"elementor-container elementor-column-gap-default\">\n\t\t\t\t\t<div class=\"elementor-column elementor-col-100 elementor-top-column elementor-element elementor-element-aea8382\" data-id=\"aea8382\" data-element_type=\"column\" data-e-type=\"column\">\n\t\t\t<div class=\"elementor-widget-wrap elementor-element-populated\">\n\t\t\t\t\t\t<div class=\"elementor-element elementor-element-221d5a7 elementor-widget elementor-widget-spacer\" data-id=\"221d5a7\" data-element_type=\"widget\" data-e-type=\"widget\" data-widget_type=\"spacer.default\">\n\t\t\t\t<div class=\"elementor-widget-container\">\n\t\t\t\t\t\t\t<div class=\"elementor-spacer\">\n\t\t\t<div class=\"elementor-spacer-inner\"><\/div>\n\t\t<\/div>\n\t\t\t\t\t\t<\/div>\n\t\t\t\t<\/div>\n\t\t\t\t<div class=\"elementor-element elementor-element-9d66ea2 elementor-widget elementor-widget-heading\" data-id=\"9d66ea2\" data-element_type=\"widget\" data-e-type=\"widget\" data-widget_type=\"heading.default\">\n\t\t\t\t<div class=\"elementor-widget-container\">\n\t\t\t\t\t<h1 class=\"elementor-heading-title elementor-size-default\">Vastuullinen matkailu<\/h1>\t\t\t\t<\/div>\n\t\t\t\t<\/div>\n\t\t\t\t\t<\/div>\n\t\t<\/div>\n\t\t\t\t\t<\/div>\n\t\t<\/section>\n\t\t\t\t<section class=\"elementor-section elementor-top-section elementor-element elementor-element-87070ad elementor-section-boxed elementor-section-height-default elementor-section-height-default\" data-id=\"87070ad\" data-element_type=\"section\" data-e-type=\"section\">\n\t\t\t\t\t\t<div class=\"elementor-container elementor-column-gap-default\">\n\t\t\t\t\t<div class=\"elementor-column elementor-col-100 elementor-top-column elementor-element elementor-element-a6bb6a8\" data-id=\"a6bb6a8\" data-element_type=\"column\" data-e-type=\"column\">\n\t\t\t<div class=\"elementor-widget-wrap elementor-element-populated\">\n\t\t\t\t\t\t<div class=\"elementor-element elementor-element-ae75bb1 elementor-widget elementor-widget-heading\" data-id=\"ae75bb1\" data-element_type=\"widget\" data-e-type=\"widget\" data-widget_type=\"heading.default\">\n\t\t\t\t<div class=\"elementor-widget-container\">\n\t\t\t\t\t<h2 class=\"elementor-heading-title elementor-size-default\">OLEMME OIKEALLA POLULLA<\/h2>\t\t\t\t<\/div>\n\t\t\t\t<\/div>\n\t\t\t\t<div class=\"elementor-element elementor-element-1c10242 elementor-widget elementor-widget-text-editor\" data-id=\"1c10242\" data-element_type=\"widget\" data-e-type=\"widget\" data-widget_type=\"text-editor.default\">\n\t\t\t\t<div class=\"elementor-widget-container\">\n\t\t\t\t\t\t\t\t\t<p>Olemme p\u00e4\u00e4tt\u00e4neet tehd\u00e4 osamme ja keskitty\u00e4 rakentamaan kest\u00e4v\u00e4 ja vastuullinen yritys.<\/p>\n<p>Olemme jo alkaneet n\u00e4hd\u00e4 muutoksia talvissamme ja me emme voi vain seurata vierest\u00e4.<\/p>\n<p>Se tulee olemaan pitk\u00e4 matka, mutta pystymme siihen yhdess\u00e4!<\/p>\t\t\t\t\t\t\t\t<\/div>\n\t\t\t\t<\/div>\n\t\t\t\t\t<\/div>\n\t\t<\/div>\n\t\t\t\t\t<\/div>\n\t\t<\/section>\n\t\t\t\t<section class=\"elementor-section elementor-top-section elementor-element elementor-element-e1a220a elementor-reverse-tablet elementor-reverse-mobile elementor-section-boxed elementor-section-height-default elementor-section-height-default\" data-id=\"e1a220a\" data-element_type=\"section\" data-e-type=\"section\">\n\t\t\t\t\t\t<div class=\"elementor-container elementor-column-gap-default\">\n\t\t\t\t\t<div class=\"elementor-column elementor-col-50 elementor-top-column elementor-element elementor-element-06e3f49\" data-id=\"06e3f49\" data-element_type=\"column\" data-e-type=\"column\">\n\t\t\t<div class=\"elementor-widget-wrap elementor-element-populated\">\n\t\t\t\t\t\t<div class=\"elementor-element elementor-element-cd18525 elementor-widget elementor-widget-image\" data-id=\"cd18525\" data-element_type=\"widget\" data-e-type=\"widget\" data-widget_type=\"image.default\">\n\t\t\t\t<div class=\"elementor-widget-container\">\n\t\t\t\t\t\t\t\t\t\t\t\t\t\t\t<img decoding=\"async\" src=\"https:\/\/purelapland.fi\/wp-content\/uploads\/elementor\/thumbs\/Nettisivun-koirat-1000-x-300-px-18-q7uoo1rvo2409l5cs39pilgsmmkvjob21e429snwva.png\" title=\"el\u00e4inten hyvinvointi\" alt=\"el\u00e4inten hyvinvointi\" loading=\"lazy\" \/>\t\t\t\t\t\t\t\t\t\t\t\t\t\t\t<\/div>\n\t\t\t\t<\/div>\n\t\t\t\t<div class=\"elementor-element elementor-element-6a34b54 elementor-widget elementor-widget-text-editor\" data-id=\"6a34b54\" data-element_type=\"widget\" data-e-type=\"widget\" data-widget_type=\"text-editor.default\">\n\t\t\t\t<div class=\"elementor-widget-container\">\n\t\t\t\t\t\t\t\t\t<p>Luonnon sek\u00e4 el\u00e4inten hyvinvointi on meille ensisijaisen t\u00e4rke\u00e4\u00e4. N\u00e4ist\u00e4 huolehtimalla, voimme tarjota matkailijoille autenttisia ja eettisi\u00e4 el\u00e4myksi\u00e4 Lapin puhtaassa luonnossa. <\/p>\n<p>Meille on ensiarvoisen t\u00e4rke\u00e4\u00e4 pit\u00e4\u00e4 hyv\u00e4\u00e4 huolta puhdasrotuisista siperianhuskyistamme, joiden hyvinvointiin ja luontaisiin tarpeisiin on pyritty kiinnitt\u00e4m\u00e4\u00e4n erityist\u00e4 huomiota. . Koirille tarjotaan laadukasta raakaruokaa, sill\u00e4 laadukas ruoka edesauttaa koirien terveyden yll\u00e4pitoa.<\/p>\n<p>Huskyt ovat syntyneet juoksemaan, eik\u00e4 niille ole mit\u00e4\u00e4n mieluisampaa kuin reen vet\u00e4minen kavereiden kanssa. Koirat haetaan kenneleist\u00e4 yksitellen ja valjastetaan omalle paikalleen valjakossa. Lepop\u00e4ivi\u00e4 on riitt\u00e4v\u00e4sti my\u00f6s kiireisen talvisesongin aikana. Koiramme ovat ensisijaisesti ty\u00f6kavereita, el\u00e4vi\u00e4 olentoja, joita arvostamme, ja joiden hyvinvointi on meille ykk\u00f6sasia.<\/p>\n<p>Psyykkist\u00e4 hyvinvointia pyrimme tukemaan sill\u00e4, ett\u00e4 tarjoamme koirillemme liikuntaa ja aktiviteettej\u00e4 my\u00f6s kiireisimm\u00e4n sesongin ulkopuolella. Koiramme saavat hoitaa sosiaalisia suhteita niin ihmisten kuin toisten koirienkin kanssa p\u00e4ivitt\u00e4in. My\u00f6s oma turvallinen ja stressit\u00f6n lauma sek\u00e4 siisti elinymp\u00e4rist\u00f6 tukevat koirien hyvinvointia.<\/p>\t\t\t\t\t\t\t\t<\/div>\n\t\t\t\t<\/div>\n\t\t\t\t\t<\/div>\n\t\t<\/div>\n\t\t\t\t<div class=\"elementor-column elementor-col-50 elementor-top-column elementor-element elementor-element-0470874\" data-id=\"0470874\" data-element_type=\"column\" data-e-type=\"column\" data-settings=\"{&quot;background_background&quot;:&quot;classic&quot;}\">\n\t\t\t<div class=\"elementor-widget-wrap elementor-element-populated\">\n\t\t\t\t\t\t<div class=\"elementor-element elementor-element-855e59d elementor-widget elementor-widget-spacer\" data-id=\"855e59d\" data-element_type=\"widget\" data-e-type=\"widget\" data-widget_type=\"spacer.default\">\n\t\t\t\t<div class=\"elementor-widget-container\">\n\t\t\t\t\t\t\t<div class=\"elementor-spacer\">\n\t\t\t<div class=\"elementor-spacer-inner\"><\/div>\n\t\t<\/div>\n\t\t\t\t\t\t<\/div>\n\t\t\t\t<\/div>\n\t\t\t\t\t<\/div>\n\t\t<\/div>\n\t\t\t\t\t<\/div>\n\t\t<\/section>\n\t\t\t\t<section class=\"elementor-section elementor-top-section elementor-element elementor-element-a13018d elementor-section-boxed elementor-section-height-default elementor-section-height-default\" data-id=\"a13018d\" data-element_type=\"section\" data-e-type=\"section\">\n\t\t\t\t\t\t<div class=\"elementor-container elementor-column-gap-default\">\n\t\t\t\t\t<div class=\"elementor-column elementor-col-50 elementor-top-column elementor-element elementor-element-b339beb\" data-id=\"b339beb\" data-element_type=\"column\" data-e-type=\"column\" data-settings=\"{&quot;background_background&quot;:&quot;classic&quot;}\">\n\t\t\t<div class=\"elementor-widget-wrap elementor-element-populated\">\n\t\t\t\t\t\t<div class=\"elementor-element elementor-element-756dfcc elementor-widget elementor-widget-spacer\" data-id=\"756dfcc\" data-element_type=\"widget\" data-e-type=\"widget\" data-widget_type=\"spacer.default\">\n\t\t\t\t<div class=\"elementor-widget-container\">\n\t\t\t\t\t\t\t<div class=\"elementor-spacer\">\n\t\t\t<div class=\"elementor-spacer-inner\"><\/div>\n\t\t<\/div>\n\t\t\t\t\t\t<\/div>\n\t\t\t\t<\/div>\n\t\t\t\t\t<\/div>\n\t\t<\/div>\n\t\t\t\t<div class=\"elementor-column elementor-col-50 elementor-top-column elementor-element elementor-element-7c10ff7\" data-id=\"7c10ff7\" data-element_type=\"column\" data-e-type=\"column\">\n\t\t\t<div class=\"elementor-widget-wrap elementor-element-populated\">\n\t\t\t\t\t\t<div class=\"elementor-element elementor-element-d1abd3b elementor-hidden-tablet elementor-hidden-mobile elementor-widget elementor-widget-image\" data-id=\"d1abd3b\" data-element_type=\"widget\" data-e-type=\"widget\" data-widget_type=\"image.default\">\n\t\t\t\t<div class=\"elementor-widget-container\">\n\t\t\t\t\t\t\t\t\t\t\t\t\t\t\t<img decoding=\"async\" src=\"https:\/\/purelapland.fi\/wp-content\/uploads\/elementor\/thumbs\/Nettisivun-koirat-1000-x-300-px-19-q7uonw4vqwoalhj2cvortduvt9q5gtwzyany0th9nk.png\" title=\"Paikallisuus ja kotimaisuus\" alt=\"Paikallisuus ja kotimaisuus\" loading=\"lazy\" \/>\t\t\t\t\t\t\t\t\t\t\t\t\t\t\t<\/div>\n\t\t\t\t<\/div>\n\t\t\t\t<div class=\"elementor-element elementor-element-543441f elementor-hidden-desktop elementor-widget elementor-widget-image\" data-id=\"543441f\" data-element_type=\"widget\" data-e-type=\"widget\" data-widget_type=\"image.default\">\n\t\t\t\t<div class=\"elementor-widget-container\">\n\t\t\t\t\t\t\t\t\t\t\t\t\t\t\t<img decoding=\"async\" src=\"https:\/\/purelapland.fi\/wp-content\/uploads\/elementor\/thumbs\/Nettisivun-koirat-1000-x-300-px-20-q7uonom50dm8yihed5zjdvwuhgommk8uhngagr55uw.png\" title=\"Paikallisuus ja kotimaisuus\" alt=\"Paikallisuus ja kotimaisuus\" loading=\"lazy\" \/>\t\t\t\t\t\t\t\t\t\t\t\t\t\t\t<\/div>\n\t\t\t\t<\/div>\n\t\t\t\t<div class=\"elementor-element elementor-element-669651c elementor-widget elementor-widget-text-editor\" data-id=\"669651c\" data-element_type=\"widget\" data-e-type=\"widget\" data-widget_type=\"text-editor.default\">\n\t\t\t\t<div class=\"elementor-widget-container\">\n\t\t\t\t\t\t\t\t\t<p>Pyrimme yll\u00e4pit\u00e4m\u00e4\u00e4n paikallista kulttuuria ja suosimme valinnoissamme paikallisia k\u00e4sit\u00f6it\u00e4, raaka-aineita ja l\u00e4hiruokaa. Ty\u00f6ntekij\u00e4mme ja harjoittelijamme ovat p\u00e4\u00e4asiassa paikallisia ja meille onkin my\u00f6nnetty Avainlippu -merkki kev\u00e4\u00e4ll\u00e4 2023. Avainlippu -merkki palvelun yhteydess\u00e4 kertoo, ett\u00e4 palvelu ty\u00f6llist\u00e4\u00e4 Suomessa ja ett\u00e4 yrityksemme on kotimaisessa omistuksessa. Ty\u00f6llist\u00e4mme sek\u00e4 ymp\u00e4rivuotisia ty\u00f6tekij\u00f6it\u00e4 ett\u00e4 sesonkity\u00f6ntekij\u00f6it\u00e4. N\u00e4in varmistamme sen, ett\u00e4 koirilla on aina tuttuja ihmisi\u00e4 ymp\u00e4rill\u00e4, jotka tuntevat jokaisen koiran ja osaavat lukea niiden eleit\u00e4 ja ilmeit\u00e4.<\/p>\n\t\t\t\t\t\t\t\t<\/div>\n\t\t\t\t<\/div>\n\t\t\t\t\t<\/div>\n\t\t<\/div>\n\t\t\t\t\t<\/div>\n\t\t<\/section>\n\t\t\t\t<section class=\"elementor-section elementor-top-section elementor-element elementor-element-efd989e elementor-reverse-tablet elementor-reverse-mobile elementor-section-boxed elementor-section-height-default elementor-section-height-default\" data-id=\"efd989e\" data-element_type=\"section\" data-e-type=\"section\">\n\t\t\t\t\t\t<div class=\"elementor-container elementor-column-gap-default\">\n\t\t\t\t\t<div class=\"elementor-column elementor-col-50 elementor-top-column elementor-element elementor-element-0dddbee\" data-id=\"0dddbee\" data-element_type=\"column\" data-e-type=\"column\">\n\t\t\t<div class=\"elementor-widget-wrap elementor-element-populated\">\n\t\t\t\t\t\t<div class=\"elementor-element elementor-element-65a652d elementor-hidden-tablet elementor-hidden-mobile elementor-widget elementor-widget-image\" data-id=\"65a652d\" data-element_type=\"widget\" data-e-type=\"widget\" data-widget_type=\"image.default\">\n\t\t\t\t<div class=\"elementor-widget-container\">\n\t\t\t\t\t\t\t\t\t\t\t\t\t\t\t<img decoding=\"async\" src=\"https:\/\/purelapland.fi\/wp-content\/uploads\/elementor\/thumbs\/Nettisivun-koirat-1000-x-300-px-21-q7uondc3y7yl645l4ghuuve5y980r6fxcdw4ixkw2a.png\" title=\"luonto, ymp\u00e4rist\u00f6 ja kest\u00e4v\u00e4 matkailu\" alt=\"luonto, ymp\u00e4rist\u00f6 ja kest\u00e4v\u00e4 matkailu\" loading=\"lazy\" \/>\t\t\t\t\t\t\t\t\t\t\t\t\t\t\t<\/div>\n\t\t\t\t<\/div>\n\t\t\t\t<div class=\"elementor-element elementor-element-061e27c elementor-hidden-desktop elementor-widget elementor-widget-image\" data-id=\"061e27c\" data-element_type=\"widget\" data-e-type=\"widget\" data-widget_type=\"image.default\">\n\t\t\t\t<div class=\"elementor-widget-container\">\n\t\t\t\t\t\t\t\t\t\t\t\t\t\t\t<img decoding=\"async\" src=\"https:\/\/purelapland.fi\/wp-content\/uploads\/elementor\/thumbs\/Nettisivun-koirat-1000-x-300-px-22-q7uon7p4kd760rpb8kad7lrc63ich0kq8olabc0b80.png\" title=\"luonto, ymp\u00e4rist\u00f6 ja kest\u00e4v\u00e4 matkailu\" alt=\"luonto, ymp\u00e4rist\u00f6 ja kest\u00e4v\u00e4 matkailu\" loading=\"lazy\" \/>\t\t\t\t\t\t\t\t\t\t\t\t\t\t\t<\/div>\n\t\t\t\t<\/div>\n\t\t\t\t<div class=\"elementor-element elementor-element-fae2153 elementor-widget elementor-widget-text-editor\" data-id=\"fae2153\" data-element_type=\"widget\" data-e-type=\"widget\" data-widget_type=\"text-editor.default\">\n\t\t\t\t<div class=\"elementor-widget-container\">\n\t\t\t\t\t\t\t\t\t<p>Otamme kaikessa toiminnassamme huomioon luonnon ja ymp\u00e4rist\u00f6n monimuotoisuuden ja pyrimme suojelemaan sit\u00e4 parhaamme mukaan. Pyrimme v\u00e4hent\u00e4m\u00e4\u00e4n j\u00e4tteiden m\u00e4\u00e4r\u00e4\u00e4 sek\u00e4 lajittelemaan ja kierr\u00e4tt\u00e4m\u00e4\u00e4n j\u00e4tteet.<\/p>\n<p>Olemme sitoutuneet ehk\u00e4isem\u00e4\u00e4n ja v\u00e4hent\u00e4m\u00e4\u00e4n toimintamme ymp\u00e4rist\u00f6vaikutuksia ja ty\u00f6skentelemme aktiivisesti kest\u00e4v\u00e4n kehityksen edist\u00e4miseksi kehitt\u00e4m\u00e4ll\u00e4 jatkuvasti toimintaamme ja asettamalla uusia tavoitteita vuosittain.<\/p>\n<p>Jokaista asiakasta kohden sitoudumme istuttamaan puun, kompensoimaan el\u00e4myksest\u00e4 syntyv\u00e4\u00e4 hiilijalanj\u00e4lke\u00e4. Meid\u00e4n tavoitteemme on olla aitoja ja turvallisia el\u00e4myksi\u00e4 tarjoava yritys, ammattitaitoisten oppaidemme takaamana. <\/p>\n\t\t\t\t\t\t\t\t<\/div>\n\t\t\t\t<\/div>\n\t\t\t\t\t<\/div>\n\t\t<\/div>\n\t\t\t\t<div class=\"elementor-column elementor-col-50 elementor-top-column elementor-element elementor-element-542cc99\" data-id=\"542cc99\" data-element_type=\"column\" data-e-type=\"column\" data-settings=\"{&quot;background_background&quot;:&quot;classic&quot;}\">\n\t\t\t<div class=\"elementor-widget-wrap elementor-element-populated\">\n\t\t\t\t\t\t<div class=\"elementor-element elementor-element-1a40776 elementor-widget elementor-widget-spacer\" data-id=\"1a40776\" data-element_type=\"widget\" data-e-type=\"widget\" data-widget_type=\"spacer.default\">\n\t\t\t\t<div class=\"elementor-widget-container\">\n\t\t\t\t\t\t\t<div class=\"elementor-spacer\">\n\t\t\t<div class=\"elementor-spacer-inner\"><\/div>\n\t\t<\/div>\n\t\t\t\t\t\t<\/div>\n\t\t\t\t<\/div>\n\t\t\t\t\t<\/div>\n\t\t<\/div>\n\t\t\t\t\t<\/div>\n\t\t<\/section>\n\t\t\t\t<\/div>\n\t\t","protected":false},"excerpt":{"rendered":"<p>Vastuullinen matkailu OLEMME OIKEALLA POLULLA Olemme p\u00e4\u00e4tt\u00e4neet tehd\u00e4 osamme ja keskitty\u00e4 rakentamaan kest\u00e4v\u00e4 ja vastuullinen yritys. Olemme jo alkaneet n\u00e4hd\u00e4 muutoksia talvissamme ja me emme voi vain seurata vierest\u00e4. Se tulee olemaan pitk\u00e4 matka, mutta pystymme siihen yhdess\u00e4! Luonnon sek\u00e4 el\u00e4inten hyvinvointi on meille ensisijaisen t\u00e4rke\u00e4\u00e4. N\u00e4ist\u00e4 huolehtimalla, voimme tarjota matkailijoille autenttisia ja eettisi\u00e4 el\u00e4myksi\u00e4 &#8230; <a title=\"Vastuullinen matkailu\" class=\"read-more\" href=\"https:\/\/purelapland.fi\/fi\/vastuullinen-matkailu\/\" aria-label=\"Lue lis\u00e4\u00e4 aiheesta Vastuullinen matkailu\">Lue lis\u00e4\u00e4<\/a><\/p>\n","protected":false},"author":5,"featured_media":0,"parent":0,"menu_order":7,"comment_status":"closed","ping_status":"closed","template":"","meta":{"footnotes":""},"class_list":["post-7183","page","type-page","status-publish"],"_links":{"self":[{"href":"https:\/\/purelapland.fi\/fi\/wp-json\/wp\/v2\/pages\/7183","targetHints":{"allow":["GET"]}}],"collection":[{"href":"https:\/\/purelapland.fi\/fi\/wp-json\/wp\/v2\/pages"}],"about":[{"href":"https:\/\/purelapland.fi\/fi\/wp-json\/wp\/v2\/types\/page"}],"author":[{"embeddable":true,"href":"https:\/\/purelapland.fi\/fi\/wp-json\/wp\/v2\/users\/5"}],"replies":[{"embeddable":true,"href":"https:\/\/purelapland.fi\/fi\/wp-json\/wp\/v2\/comments?post=7183"}],"version-history":[{"count":19,"href":"https:\/\/purelapland.fi\/fi\/wp-json\/wp\/v2\/pages\/7183\/revisions"}],"predecessor-version":[{"id":8474,"href":"https:\/\/purelapland.fi\/fi\/wp-json\/wp\/v2\/pages\/7183\/revisions\/8474"}],"wp:attachment":[{"href":"https:\/\/purelapland.fi\/fi\/wp-json\/wp\/v2\/media?parent=7183"}],"curies":[{"name":"wp","href":"https:\/\/api.w.org\/{rel}","templated":true}]}}