{"id":7054,"date":"2023-05-30T12:41:04","date_gmt":"2023-05-30T09:41:04","guid":{"rendered":"https:\/\/purelapland.fi\/?page_id=7054"},"modified":"2025-10-16T12:26:58","modified_gmt":"2025-10-16T09:26:58","slug":"virkistyspaiva","status":"publish","type":"page","link":"https:\/\/purelapland.fi\/fi\/virkistyspaiva\/","title":{"rendered":"Virkistysp\u00e4iv\u00e4"},"content":{"rendered":"\t\t<div data-elementor-type=\"wp-page\" data-elementor-id=\"7054\" class=\"elementor elementor-7054\" data-elementor-post-type=\"page\">\n\t\t\t\t\t\t<section class=\"elementor-section elementor-top-section elementor-element elementor-element-dd287de elementor-section-height-min-height elementor-section-items-stretch elementor-section-boxed elementor-section-height-default\" data-id=\"dd287de\" data-element_type=\"section\" data-e-type=\"section\" data-settings=\"{&quot;background_background&quot;:&quot;classic&quot;,&quot;shape_divider_bottom&quot;:&quot;triangle&quot;,&quot;shape_divider_bottom_negative&quot;:&quot;yes&quot;}\">\n\t\t\t\t\t\t\t<div class=\"elementor-background-overlay\"><\/div>\n\t\t\t\t\t\t<div class=\"elementor-shape elementor-shape-bottom\" aria-hidden=\"true\" data-negative=\"true\">\n\t\t\t<svg xmlns=\"http:\/\/www.w3.org\/2000\/svg\" viewBox=\"0 0 1000 100\" preserveAspectRatio=\"none\">\n\t<path class=\"elementor-shape-fill\" d=\"M500.2,94.7L0,0v100h1000V0L500.2,94.7z\"\/>\n<\/svg>\t\t<\/div>\n\t\t\t\t\t<div class=\"elementor-container elementor-column-gap-default\">\n\t\t\t\t\t<div class=\"elementor-column elementor-col-100 elementor-top-column elementor-element elementor-element-bcf00ce\" data-id=\"bcf00ce\" data-element_type=\"column\" data-e-type=\"column\">\n\t\t\t<div class=\"elementor-widget-wrap elementor-element-populated\">\n\t\t\t\t\t\t<div class=\"elementor-element elementor-element-7def2a3 elementor-widget elementor-widget-spacer\" data-id=\"7def2a3\" data-element_type=\"widget\" data-e-type=\"widget\" data-widget_type=\"spacer.default\">\n\t\t\t\t<div class=\"elementor-widget-container\">\n\t\t\t\t\t\t\t<div class=\"elementor-spacer\">\n\t\t\t<div class=\"elementor-spacer-inner\"><\/div>\n\t\t<\/div>\n\t\t\t\t\t\t<\/div>\n\t\t\t\t<\/div>\n\t\t\t\t<div class=\"elementor-element elementor-element-0b5a679 elementor-widget elementor-widget-heading\" data-id=\"0b5a679\" data-element_type=\"widget\" data-e-type=\"widget\" data-widget_type=\"heading.default\">\n\t\t\t\t<div class=\"elementor-widget-container\">\n\t\t\t\t\t<h1 class=\"elementor-heading-title elementor-size-default\">Virkistysp\u00e4iv\u00e4<\/h1>\t\t\t\t<\/div>\n\t\t\t\t<\/div>\n\t\t\t\t<div class=\"elementor-element elementor-element-f424cd0 elementor-widget elementor-widget-heading\" data-id=\"f424cd0\" data-element_type=\"widget\" data-e-type=\"widget\" data-widget_type=\"heading.default\">\n\t\t\t\t<div class=\"elementor-widget-container\">\n\t\t\t\t\t<h2 class=\"elementor-heading-title elementor-size-default\">Tervetuloa porukalla viihtym\u00e4\u00e4n Hirvaalle!<\/h2>\t\t\t\t<\/div>\n\t\t\t\t<\/div>\n\t\t\t\t\t<\/div>\n\t\t<\/div>\n\t\t\t\t\t<\/div>\n\t\t<\/section>\n\t\t\t\t<section class=\"elementor-section elementor-top-section elementor-element elementor-element-27db75e elementor-section-boxed elementor-section-height-default elementor-section-height-default\" data-id=\"27db75e\" data-element_type=\"section\" data-e-type=\"section\">\n\t\t\t\t\t\t<div class=\"elementor-container elementor-column-gap-default\">\n\t\t\t\t\t<div class=\"elementor-column elementor-col-50 elementor-top-column elementor-element elementor-element-9ffcf04\" data-id=\"9ffcf04\" data-element_type=\"column\" data-e-type=\"column\">\n\t\t\t<div class=\"elementor-widget-wrap elementor-element-populated\">\n\t\t\t\t\t\t<div class=\"elementor-element elementor-element-982a8c9 elementor-widget elementor-widget-image\" data-id=\"982a8c9\" data-element_type=\"widget\" data-e-type=\"widget\" data-widget_type=\"image.default\">\n\t\t\t\t<div class=\"elementor-widget-container\">\n\t\t\t\t\t\t\t\t\t\t\t\t\t\t\t<img decoding=\"async\" src=\"https:\/\/purelapland.fi\/wp-content\/uploads\/elementor\/thumbs\/Roo-comics-1200-x-600-px-1-q7801sksu6e6hvt4pchg65jm9nhkd3fy9hzuohxmy8.png\" title=\"J\u00e4rjest\u00e4mme virkistysp\u00e4iv\u00e4n kaveri-, ty\u00f6- tai vaikkapa polttariporukoille!\" alt=\"J\u00e4rjest\u00e4mme virkistysp\u00e4iv\u00e4n kaveri-, ty\u00f6- tai vaikkapa polttariporukoille!\" loading=\"lazy\" \/>\t\t\t\t\t\t\t\t\t\t\t\t\t\t\t<\/div>\n\t\t\t\t<\/div>\n\t\t\t\t<div class=\"elementor-element elementor-element-b0625f9 elementor-widget elementor-widget-text-editor\" data-id=\"b0625f9\" data-element_type=\"widget\" data-e-type=\"widget\" data-widget_type=\"text-editor.default\">\n\t\t\t\t<div class=\"elementor-widget-container\">\n\t\t\t\t\t\t\t\t\t<p>Tarjoamme m\u00f6nkij\u00e4- ja kanoottiseikkailuja sek\u00e4 leikkimielisen Mets\u00e4hirvaan Selviytyj\u00e4t -kilpailun, joka varmasti nostattaa porukan ryhm\u00e4henke\u00e4. Lis\u00e4ksi on mahdollisuus maittavaan lounaaseen ja kokouksien pit\u00e4miseen kahvitarjoilun kera. Onnistunut p\u00e4iv\u00e4 on mahtava p\u00e4\u00e4tt\u00e4\u00e4 rantasaunan l\u00f6ylyiss\u00e4, josta voi pulahtaa paljuun tai vaikka suoraan Kemijokeen. Kaikki ohjelmat r\u00e4\u00e4t\u00e4l\u00f6id\u00e4\u00e4n teille sopiviksi.<\/p><p>Toimimme yhteisty\u00f6ss\u00e4 Hotelli Mets\u00e4hirvaan kanssa. Kokoustilat ja ruokailumahdollisuus l\u00f6ytyy hotellilta ja se toimii my\u00f6s seikkailujen l\u00e4ht\u00f6pisteen\u00e4 osoitteessa Toukolantie 49, Hirvas.<\/p>\t\t\t\t\t\t\t\t<\/div>\n\t\t\t\t<\/div>\n\t\t\t\t\t<\/div>\n\t\t<\/div>\n\t\t\t\t<div class=\"elementor-column elementor-col-50 elementor-top-column elementor-element elementor-element-2d80c7d\" data-id=\"2d80c7d\" data-element_type=\"column\" data-e-type=\"column\">\n\t\t\t<div class=\"elementor-widget-wrap elementor-element-populated\">\n\t\t\t\t\t\t<div class=\"elementor-element elementor-element-4707787 elementor-widget elementor-widget-image\" data-id=\"4707787\" data-element_type=\"widget\" data-e-type=\"widget\" data-widget_type=\"image.default\">\n\t\t\t\t<div class=\"elementor-widget-container\">\n\t\t\t\t\t\t\t\t\t\t\t\t\t\t\t<img decoding=\"async\" src=\"https:\/\/purelapland.fi\/wp-content\/uploads\/elementor\/thumbs\/DSC7019-scaled-ren1i98p3s2ofpwdrvkaxb151pg4opdnm0qal10yg4.jpg\" title=\"virkistysp\u00e4iv\u00e4\" alt=\"virkistysp\u00e4iv\u00e4\" loading=\"lazy\" \/>\t\t\t\t\t\t\t\t\t\t\t\t\t\t\t<\/div>\n\t\t\t\t<\/div>\n\t\t\t\t\t<\/div>\n\t\t<\/div>\n\t\t\t\t\t<\/div>\n\t\t<\/section>\n\t\t\t\t<section class=\"elementor-section elementor-top-section elementor-element elementor-element-c9c8a76 elementor-section-boxed elementor-section-height-default elementor-section-height-default\" data-id=\"c9c8a76\" data-element_type=\"section\" data-e-type=\"section\">\n\t\t\t\t\t\t<div class=\"elementor-container elementor-column-gap-default\">\n\t\t\t\t\t<div class=\"elementor-column elementor-col-100 elementor-top-column elementor-element elementor-element-5672002\" data-id=\"5672002\" data-element_type=\"column\" data-e-type=\"column\">\n\t\t\t<div class=\"elementor-widget-wrap elementor-element-populated\">\n\t\t\t\t\t\t<div class=\"elementor-element elementor-element-f33860a elementor-widget elementor-widget-heading\" data-id=\"f33860a\" data-element_type=\"widget\" data-e-type=\"widget\" data-widget_type=\"heading.default\">\n\t\t\t\t<div class=\"elementor-widget-container\">\n\t\t\t\t\t<h2 class=\"elementor-heading-title elementor-size-default\">Palvelumme<\/h2>\t\t\t\t<\/div>\n\t\t\t\t<\/div>\n\t\t\t\t<div class=\"elementor-element elementor-element-ae279a9 elementor-widget elementor-widget-image\" data-id=\"ae279a9\" data-element_type=\"widget\" data-e-type=\"widget\" data-widget_type=\"image.default\">\n\t\t\t\t<div class=\"elementor-widget-container\">\n\t\t\t\t\t\t\t\t\t\t\t\t\t\t\t<img decoding=\"async\" src=\"https:\/\/purelapland.fi\/wp-content\/uploads\/elementor\/thumbs\/Nimeton-malli-1-q7806vv4jqnmn0525pvlk3wcng0rnbbnuwo6eykh5c.png\" title=\"Palvelumme\" alt=\"Palvelumme\" loading=\"lazy\" \/>\t\t\t\t\t\t\t\t\t\t\t\t\t\t\t<\/div>\n\t\t\t\t<\/div>\n\t\t\t\t\t<\/div>\n\t\t<\/div>\n\t\t\t\t\t<\/div>\n\t\t<\/section>\n\t\t\t\t<section class=\"elementor-section elementor-top-section elementor-element elementor-element-af38893 elementor-section-boxed elementor-section-height-default elementor-section-height-default\" data-id=\"af38893\" data-element_type=\"section\" data-e-type=\"section\">\n\t\t\t\t\t\t<div class=\"elementor-container elementor-column-gap-default\">\n\t\t\t\t\t<div class=\"elementor-column elementor-col-33 elementor-top-column elementor-element elementor-element-0c175ab\" data-id=\"0c175ab\" data-element_type=\"column\" data-e-type=\"column\" data-settings=\"{&quot;background_background&quot;:&quot;classic&quot;}\">\n\t\t\t<div class=\"elementor-widget-wrap elementor-element-populated\">\n\t\t\t\t\t\t<div class=\"elementor-element elementor-element-cb69fd0 elementor-widget elementor-widget-image\" data-id=\"cb69fd0\" data-element_type=\"widget\" data-e-type=\"widget\" data-widget_type=\"image.default\">\n\t\t\t\t<div class=\"elementor-widget-container\">\n\t\t\t\t\t\t\t\t\t\t\t\t\t\t\t<img decoding=\"async\" src=\"https:\/\/purelapland.fi\/wp-content\/uploads\/elementor\/thumbs\/9cc8c5cf-3ca4-4e86-b64c-2c73edddb5d4-q3b6a05u0qu5wyrx7xwortj6fne77nwwn70kp77yjk.jpeg\" title=\"9cc8c5cf-3ca4-4e86-b64c-2c73edddb5d4\" alt=\"Autumn quad bike safari pure lapland rovaniemi\" loading=\"lazy\" \/>\t\t\t\t\t\t\t\t\t\t\t\t\t\t\t<\/div>\n\t\t\t\t<\/div>\n\t\t\t\t<div class=\"elementor-element elementor-element-1c30650 elementor-widget elementor-widget-heading\" data-id=\"1c30650\" data-element_type=\"widget\" data-e-type=\"widget\" data-widget_type=\"heading.default\">\n\t\t\t\t<div class=\"elementor-widget-container\">\n\t\t\t\t\t<h2 class=\"elementor-heading-title elementor-size-default\">M\u00f6nkij\u00e4seikkailu<\/h2>\t\t\t\t<\/div>\n\t\t\t\t<\/div>\n\t\t\t\t<div class=\"elementor-element elementor-element-b545f53 elementor-widget elementor-widget-text-editor\" data-id=\"b545f53\" data-element_type=\"widget\" data-e-type=\"widget\" data-widget_type=\"text-editor.default\">\n\t\t\t\t<div class=\"elementor-widget-container\">\n\t\t\t\t\t\t\t\t\t<p>Vauhdikas m\u00f6nkij\u00e4safari nauttien vauhdin huumasta sek\u00e4 kauniista Lapin luonnosta. Minimi osallistujam\u00e4\u00e4r\u00e4 2 hl\u00f6, maksimi 10 hl\u00f6.<\/p>\t\t\t\t\t\t\t\t<\/div>\n\t\t\t\t<\/div>\n\t\t\t\t\t<\/div>\n\t\t<\/div>\n\t\t\t\t<div class=\"elementor-column elementor-col-33 elementor-top-column elementor-element elementor-element-b2b2fae\" data-id=\"b2b2fae\" data-element_type=\"column\" data-e-type=\"column\" data-settings=\"{&quot;background_background&quot;:&quot;classic&quot;}\">\n\t\t\t<div class=\"elementor-widget-wrap elementor-element-populated\">\n\t\t\t\t\t\t<div class=\"elementor-element elementor-element-858495c elementor-widget elementor-widget-image\" data-id=\"858495c\" data-element_type=\"widget\" data-e-type=\"widget\" data-widget_type=\"image.default\">\n\t\t\t\t<div class=\"elementor-widget-container\">\n\t\t\t\t\t\t\t\t\t\t\t\t\t\t\t<img decoding=\"async\" src=\"https:\/\/purelapland.fi\/wp-content\/uploads\/elementor\/thumbs\/70399f94-5a33-40d6-9e15-1e503d028545-scaled-q33wlx5xx7gchxyzw24kcy1fkhsaceu4640tfeh09s.jpeg\" title=\"70399f94-5a33-40d6-9e15-1e503d028545\" alt=\"hiking safari pure lapland rovaniemi\" loading=\"lazy\" \/>\t\t\t\t\t\t\t\t\t\t\t\t\t\t\t<\/div>\n\t\t\t\t<\/div>\n\t\t\t\t<div class=\"elementor-element elementor-element-2489032 elementor-widget elementor-widget-heading\" data-id=\"2489032\" data-element_type=\"widget\" data-e-type=\"widget\" data-widget_type=\"heading.default\">\n\t\t\t\t<div class=\"elementor-widget-container\">\n\t\t\t\t\t<h2 class=\"elementor-heading-title elementor-size-default\">Mets\u00e4hirvaan selviytyj\u00e4t<\/h2>\t\t\t\t<\/div>\n\t\t\t\t<\/div>\n\t\t\t\t<div class=\"elementor-element elementor-element-f903c89 elementor-widget elementor-widget-text-editor\" data-id=\"f903c89\" data-element_type=\"widget\" data-e-type=\"widget\" data-widget_type=\"text-editor.default\">\n\t\t\t\t<div class=\"elementor-widget-container\">\n\t\t\t\t\t\t\t\t\t<p>Leikkimielinen selviytymistaitoja mittaava kilpailu isommallekin porukalle. Minimi osallistujam\u00e4\u00e4r\u00e4 6 hl\u00f6, maksimi 40 hl\u00f6.<\/p>\t\t\t\t\t\t\t\t<\/div>\n\t\t\t\t<\/div>\n\t\t\t\t\t<\/div>\n\t\t<\/div>\n\t\t\t\t<div class=\"elementor-column elementor-col-33 elementor-top-column elementor-element elementor-element-711c81d\" data-id=\"711c81d\" data-element_type=\"column\" data-e-type=\"column\" data-settings=\"{&quot;background_background&quot;:&quot;classic&quot;}\">\n\t\t\t<div class=\"elementor-widget-wrap elementor-element-populated\">\n\t\t\t\t\t\t<div class=\"elementor-element elementor-element-9793531 elementor-widget elementor-widget-image\" data-id=\"9793531\" data-element_type=\"widget\" data-e-type=\"widget\" data-widget_type=\"image.default\">\n\t\t\t\t<div class=\"elementor-widget-container\">\n\t\t\t\t\t\t\t\t\t\t\t\t\t\t\t<img decoding=\"async\" src=\"https:\/\/purelapland.fi\/wp-content\/uploads\/elementor\/thumbs\/4a3c9a0a-ee81-424c-9a28-e975bb3f757c-scaled-pvf9zs136g3gjzygbksh78bq7mn95lf5xnn6hf18rk.jpeg\" title=\"4a3c9a0a-ee81-424c-9a28-e975bb3f757c\" alt=\"canoe day adventure to magical island canoeing tour pure lapland rovaniemi\" loading=\"lazy\" \/>\t\t\t\t\t\t\t\t\t\t\t\t\t\t\t<\/div>\n\t\t\t\t<\/div>\n\t\t\t\t<div class=\"elementor-element elementor-element-5514b50 elementor-widget elementor-widget-heading\" data-id=\"5514b50\" data-element_type=\"widget\" data-e-type=\"widget\" data-widget_type=\"heading.default\">\n\t\t\t\t<div class=\"elementor-widget-container\">\n\t\t\t\t\t<h2 class=\"elementor-heading-title elementor-size-default\">Kanoottiseikkailu<\/h2>\t\t\t\t<\/div>\n\t\t\t\t<\/div>\n\t\t\t\t<div class=\"elementor-element elementor-element-0326163 elementor-widget elementor-widget-text-editor\" data-id=\"0326163\" data-element_type=\"widget\" data-e-type=\"widget\" data-widget_type=\"text-editor.default\">\n\t\t\t\t<div class=\"elementor-widget-container\">\n\t\t\t\t\t\t\t\t\t<p>On aika ty\u00f6nt\u00e4\u00e4 kanootit joelle ja l\u00e4hte\u00e4 upealle seikkailulle! Minimi osallistujam\u00e4\u00e4r\u00e4 2 hl\u00f6, maksimi 10 hl\u00f6.<\/p>\t\t\t\t\t\t\t\t<\/div>\n\t\t\t\t<\/div>\n\t\t\t\t\t<\/div>\n\t\t<\/div>\n\t\t\t\t\t<\/div>\n\t\t<\/section>\n\t\t\t\t<section class=\"elementor-section elementor-top-section elementor-element elementor-element-deeaacf elementor-section-boxed elementor-section-height-default elementor-section-height-default\" data-id=\"deeaacf\" data-element_type=\"section\" data-e-type=\"section\">\n\t\t\t\t\t\t<div class=\"elementor-container elementor-column-gap-default\">\n\t\t\t\t\t<div class=\"elementor-column elementor-col-50 elementor-top-column elementor-element elementor-element-f524137\" data-id=\"f524137\" data-element_type=\"column\" data-e-type=\"column\" data-settings=\"{&quot;background_background&quot;:&quot;classic&quot;}\">\n\t\t\t<div class=\"elementor-widget-wrap elementor-element-populated\">\n\t\t\t\t\t\t<div class=\"elementor-element elementor-element-11967b4 elementor-widget elementor-widget-image\" data-id=\"11967b4\" data-element_type=\"widget\" data-e-type=\"widget\" data-widget_type=\"image.default\">\n\t\t\t\t<div class=\"elementor-widget-container\">\n\t\t\t\t\t\t\t\t\t\t\t\t\t\t\t<img decoding=\"async\" src=\"https:\/\/purelapland.fi\/wp-content\/uploads\/elementor\/thumbs\/Roo-comics-3-ren1ic22sv1nnf5s5vc6z4p399w0llsqzgktgoscdc.jpg\" title=\"Sauna\" alt=\"Sauna\" loading=\"lazy\" \/>\t\t\t\t\t\t\t\t\t\t\t\t\t\t\t<\/div>\n\t\t\t\t<\/div>\n\t\t\t\t<div class=\"elementor-element elementor-element-514a988 elementor-widget elementor-widget-heading\" data-id=\"514a988\" data-element_type=\"widget\" data-e-type=\"widget\" data-widget_type=\"heading.default\">\n\t\t\t\t<div class=\"elementor-widget-container\">\n\t\t\t\t\t<h2 class=\"elementor-heading-title elementor-size-default\">Rantasauna ja palju <p><\/p>\n450 \u20ac\/ 3 h<\/h2>\t\t\t\t<\/div>\n\t\t\t\t<\/div>\n\t\t\t\t<div class=\"elementor-element elementor-element-6c93123 elementor-widget elementor-widget-text-editor\" data-id=\"6c93123\" data-element_type=\"widget\" data-e-type=\"widget\" data-widget_type=\"text-editor.default\">\n\t\t\t\t<div class=\"elementor-widget-container\">\n\t\t\t\t\t\t\t\t\t<p>Sis. loppusiivouksen ja pyyhkeet toimitettuna saunalle. Saunalle voi vied\u00e4 omia tarjoiluja. Saunalle voi tilata my\u00f6s tarjoiluja hotellilta, kysy tarjous.<\/p>\t\t\t\t\t\t\t\t<\/div>\n\t\t\t\t<\/div>\n\t\t\t\t\t<\/div>\n\t\t<\/div>\n\t\t\t\t<div class=\"elementor-column elementor-col-50 elementor-top-column elementor-element elementor-element-9a314c8\" data-id=\"9a314c8\" data-element_type=\"column\" data-e-type=\"column\" data-settings=\"{&quot;background_background&quot;:&quot;classic&quot;}\">\n\t\t\t<div class=\"elementor-widget-wrap elementor-element-populated\">\n\t\t\t\t\t\t<div class=\"elementor-element elementor-element-3a69f1e elementor-widget elementor-widget-image\" data-id=\"3a69f1e\" data-element_type=\"widget\" data-e-type=\"widget\" data-widget_type=\"image.default\">\n\t\t\t\t<div class=\"elementor-widget-container\">\n\t\t\t\t\t\t\t\t\t\t\t\t\t\t\t<img decoding=\"async\" src=\"https:\/\/purelapland.fi\/wp-content\/uploads\/elementor\/thumbs\/DSC7193-scaled-q77ypa4gsvb3gqoou73fxcj1v34m8hh3ckc07t3o2o.jpg\" title=\"tyky p\u00e4iv\u00e4\" alt=\"tyky p\u00e4iv\u00e4\" loading=\"lazy\" \/>\t\t\t\t\t\t\t\t\t\t\t\t\t\t\t<\/div>\n\t\t\t\t<\/div>\n\t\t\t\t<div class=\"elementor-element elementor-element-3c1d67c elementor-widget elementor-widget-heading\" data-id=\"3c1d67c\" data-element_type=\"widget\" data-e-type=\"widget\" data-widget_type=\"heading.default\">\n\t\t\t\t<div class=\"elementor-widget-container\">\n\t\t\t\t\t<h2 class=\"elementor-heading-title elementor-size-default\">Kokoustilat, lounas ja muut tarjoilut<\/h2>\t\t\t\t<\/div>\n\t\t\t\t<\/div>\n\t\t\t\t<div class=\"elementor-element elementor-element-e2c616b elementor-widget elementor-widget-text-editor\" data-id=\"e2c616b\" data-element_type=\"widget\" data-e-type=\"widget\" data-widget_type=\"text-editor.default\">\n\t\t\t\t<div class=\"elementor-widget-container\">\n\t\t\t\t\t\t\t\t\t<p>Kokoustila 130 \u20ac \/ vrk (max 40 hl\u00f6)<\/p><p>Puolenp\u00e4iv\u00e4n kokoustarjoilut 29 \u20ac\/hl\u00f6 Runsas aamiainen ennen kokousta, tai suolainen kahvitarjoilu sek\u00e4 lounas.<\/p><p>Kahvitus kokoustilaan, makeaa\/suolaista tarjottavaa 14 \u20ac\/hl\u00f6.<\/p><p>Runsas aamiainen 13 \u20ac\/hl\u00f6.<\/p><p>Lounas 15 \u20ac\/hl\u00f6.<\/p><p>Majoitus Hotelli Mets\u00e4hirvaalla alk. 84 \u20ac\/y\u00f6.<\/p>\t\t\t\t\t\t\t\t<\/div>\n\t\t\t\t<\/div>\n\t\t\t\t\t<\/div>\n\t\t<\/div>\n\t\t\t\t\t<\/div>\n\t\t<\/section>\n\t\t\t\t<section class=\"elementor-section elementor-top-section elementor-element elementor-element-15bd7e3 elementor-section-boxed elementor-section-height-default elementor-section-height-default\" data-id=\"15bd7e3\" data-element_type=\"section\" data-e-type=\"section\">\n\t\t\t\t\t\t<div class=\"elementor-container elementor-column-gap-default\">\n\t\t\t\t\t<div class=\"elementor-column elementor-col-100 elementor-top-column elementor-element elementor-element-5bc0e73\" data-id=\"5bc0e73\" data-element_type=\"column\" data-e-type=\"column\">\n\t\t\t<div class=\"elementor-widget-wrap elementor-element-populated\">\n\t\t\t\t\t\t<div class=\"elementor-element elementor-element-8dd8570 elementor-widget elementor-widget-heading\" data-id=\"8dd8570\" data-element_type=\"widget\" data-e-type=\"widget\" data-widget_type=\"heading.default\">\n\t\t\t\t<div class=\"elementor-widget-container\">\n\t\t\t\t\t<h2 class=\"elementor-heading-title elementor-size-default\">Tilaaminen<\/h2>\t\t\t\t<\/div>\n\t\t\t\t<\/div>\n\t\t\t\t<div class=\"elementor-element elementor-element-e55930f elementor-widget elementor-widget-image\" data-id=\"e55930f\" data-element_type=\"widget\" data-e-type=\"widget\" data-widget_type=\"image.default\">\n\t\t\t\t<div class=\"elementor-widget-container\">\n\t\t\t\t\t\t\t\t\t\t\t\t\t\t\t<img decoding=\"async\" src=\"https:\/\/purelapland.fi\/wp-content\/uploads\/elementor\/thumbs\/Nimeton-malli-q77ziwza9tuekyyg4cw2z5n7bq5td662k9sfuy3vtc.png\" title=\"Tilaaminen\" alt=\"Tilaaminen\" loading=\"lazy\" \/>\t\t\t\t\t\t\t\t\t\t\t\t\t\t\t<\/div>\n\t\t\t\t<\/div>\n\t\t\t\t<div class=\"elementor-element elementor-element-e75abbb elementor-widget elementor-widget-text-editor\" data-id=\"e75abbb\" data-element_type=\"widget\" data-e-type=\"widget\" data-widget_type=\"text-editor.default\">\n\t\t\t\t<div class=\"elementor-widget-container\">\n\t\t\t\t\t\t\t\t\t<p>Ota yhteytt\u00e4 ja pyyd\u00e4 tarjous s\u00e4hk\u00f6postitse tai puhelimitse!<\/p>\t\t\t\t\t\t\t\t<\/div>\n\t\t\t\t<\/div>\n\t\t\t\t<div class=\"elementor-element elementor-element-2563215 elementor-mobile-align-center elementor-align-center elementor-icon-list--layout-traditional elementor-list-item-link-full_width elementor-widget elementor-widget-icon-list\" data-id=\"2563215\" data-element_type=\"widget\" data-e-type=\"widget\" data-widget_type=\"icon-list.default\">\n\t\t\t\t<div class=\"elementor-widget-container\">\n\t\t\t\t\t\t\t<ul class=\"elementor-icon-list-items\">\n\t\t\t\t\t\t\t<li class=\"elementor-icon-list-item\">\n\t\t\t\t\t\t\t\t\t\t\t<a href=\"mailto:office@purelapland.fi\">\n\n\t\t\t\t\t\t\t\t\t\t\t\t<span class=\"elementor-icon-list-icon\">\n\t\t\t\t\t\t\t<svg aria-hidden=\"true\" class=\"e-font-icon-svg e-far-envelope\" viewBox=\"0 0 512 512\" xmlns=\"http:\/\/www.w3.org\/2000\/svg\"><path d=\"M464 64H48C21.49 64 0 85.49 0 112v288c0 26.51 21.49 48 48 48h416c26.51 0 48-21.49 48-48V112c0-26.51-21.49-48-48-48zm0 48v40.805c-22.422 18.259-58.168 46.651-134.587 106.49-16.841 13.247-50.201 45.072-73.413 44.701-23.208.375-56.579-31.459-73.413-44.701C106.18 199.465 70.425 171.067 48 152.805V112h416zM48 400V214.398c22.914 18.251 55.409 43.862 104.938 82.646 21.857 17.205 60.134 55.186 103.062 54.955 42.717.231 80.509-37.199 103.053-54.947 49.528-38.783 82.032-64.401 104.947-82.653V400H48z\"><\/path><\/svg>\t\t\t\t\t\t<\/span>\n\t\t\t\t\t\t\t\t\t\t<span class=\"elementor-icon-list-text\">office@purelapland.fi<\/span>\n\t\t\t\t\t\t\t\t\t\t\t<\/a>\n\t\t\t\t\t\t\t\t\t<\/li>\n\t\t\t\t\t\t\t\t<li class=\"elementor-icon-list-item\">\n\t\t\t\t\t\t\t\t\t\t\t<a href=\"tel:+358%2050%20360%206269\">\n\n\t\t\t\t\t\t\t\t\t\t\t\t<span class=\"elementor-icon-list-icon\">\n\t\t\t\t\t\t\t<svg aria-hidden=\"true\" class=\"e-font-icon-svg e-fas-phone-alt\" viewBox=\"0 0 512 512\" xmlns=\"http:\/\/www.w3.org\/2000\/svg\"><path d=\"M497.39 361.8l-112-48a24 24 0 0 0-28 6.9l-49.6 60.6A370.66 370.66 0 0 1 130.6 204.11l60.6-49.6a23.94 23.94 0 0 0 6.9-28l-48-112A24.16 24.16 0 0 0 122.6.61l-104 24A24 24 0 0 0 0 48c0 256.5 207.9 464 464 464a24 24 0 0 0 23.4-18.6l24-104a24.29 24.29 0 0 0-14.01-27.6z\"><\/path><\/svg>\t\t\t\t\t\t<\/span>\n\t\t\t\t\t\t\t\t\t\t<span class=\"elementor-icon-list-text\">+358 50 360 6269 Ma-Pe 09.00-15.00<\/span>\n\t\t\t\t\t\t\t\t\t\t\t<\/a>\n\t\t\t\t\t\t\t\t\t<\/li>\n\t\t\t\t\t\t<\/ul>\n\t\t\t\t\t\t<\/div>\n\t\t\t\t<\/div>\n\t\t\t\t\t<\/div>\n\t\t<\/div>\n\t\t\t\t\t<\/div>\n\t\t<\/section>\n\t\t\t\t<\/div>\n\t\t","protected":false},"excerpt":{"rendered":"<p>Virkistysp\u00e4iv\u00e4 Tervetuloa porukalla viihtym\u00e4\u00e4n Hirvaalle! Tarjoamme m\u00f6nkij\u00e4- ja kanoottiseikkailuja sek\u00e4 leikkimielisen Mets\u00e4hirvaan Selviytyj\u00e4t -kilpailun, joka varmasti nostattaa porukan ryhm\u00e4henke\u00e4. Lis\u00e4ksi on mahdollisuus maittavaan lounaaseen ja kokouksien pit\u00e4miseen kahvitarjoilun kera. Onnistunut p\u00e4iv\u00e4 on mahtava p\u00e4\u00e4tt\u00e4\u00e4 rantasaunan l\u00f6ylyiss\u00e4, josta voi pulahtaa paljuun tai vaikka suoraan Kemijokeen. Kaikki ohjelmat r\u00e4\u00e4t\u00e4l\u00f6id\u00e4\u00e4n teille sopiviksi. Toimimme yhteisty\u00f6ss\u00e4 Hotelli Mets\u00e4hirvaan kanssa. Kokoustilat &#8230; <a title=\"Virkistysp\u00e4iv\u00e4\" class=\"read-more\" href=\"https:\/\/purelapland.fi\/fi\/virkistyspaiva\/\" aria-label=\"Lue lis\u00e4\u00e4 aiheesta Virkistysp\u00e4iv\u00e4\">Lue lis\u00e4\u00e4<\/a><\/p>\n","protected":false},"author":5,"featured_media":0,"parent":0,"menu_order":9,"comment_status":"closed","ping_status":"closed","template":"","meta":{"footnotes":""},"class_list":["post-7054","page","type-page","status-publish"],"_links":{"self":[{"href":"https:\/\/purelapland.fi\/fi\/wp-json\/wp\/v2\/pages\/7054","targetHints":{"allow":["GET"]}}],"collection":[{"href":"https:\/\/purelapland.fi\/fi\/wp-json\/wp\/v2\/pages"}],"about":[{"href":"https:\/\/purelapland.fi\/fi\/wp-json\/wp\/v2\/types\/page"}],"author":[{"embeddable":true,"href":"https:\/\/purelapland.fi\/fi\/wp-json\/wp\/v2\/users\/5"}],"replies":[{"embeddable":true,"href":"https:\/\/purelapland.fi\/fi\/wp-json\/wp\/v2\/comments?post=7054"}],"version-history":[{"count":20,"href":"https:\/\/purelapland.fi\/fi\/wp-json\/wp\/v2\/pages\/7054\/revisions"}],"predecessor-version":[{"id":8601,"href":"https:\/\/purelapland.fi\/fi\/wp-json\/wp\/v2\/pages\/7054\/revisions\/8601"}],"wp:attachment":[{"href":"https:\/\/purelapland.fi\/fi\/wp-json\/wp\/v2\/media?parent=7054"}],"curies":[{"name":"wp","href":"https:\/\/api.w.org\/{rel}","templated":true}]}}