{"id":6187,"date":"2022-12-16T11:35:25","date_gmt":"2022-12-16T09:35:25","guid":{"rendered":"https:\/\/purelapland.fi\/tietosuojaseloste\/"},"modified":"2025-09-22T15:00:29","modified_gmt":"2025-09-22T12:00:29","slug":"tietosuojaseloste","status":"publish","type":"page","link":"https:\/\/purelapland.fi\/fi\/tietosuojaseloste\/","title":{"rendered":"Tietosuojaseloste"},"content":{"rendered":"\t\t<div data-elementor-type=\"wp-page\" data-elementor-id=\"6187\" class=\"elementor elementor-6187 elementor-3340\" data-elementor-post-type=\"page\">\n\t\t\t\t\t\t<section class=\"elementor-section elementor-top-section elementor-element elementor-element-8d88628 elementor-section-boxed elementor-section-height-default elementor-section-height-default\" data-id=\"8d88628\" data-element_type=\"section\" data-e-type=\"section\">\n\t\t\t\t\t\t<div class=\"elementor-container elementor-column-gap-default\">\n\t\t\t\t\t<div class=\"elementor-column elementor-col-100 elementor-top-column elementor-element elementor-element-a452a3e\" data-id=\"a452a3e\" data-element_type=\"column\" data-e-type=\"column\">\n\t\t\t<div class=\"elementor-widget-wrap elementor-element-populated\">\n\t\t\t\t\t\t<div class=\"elementor-element elementor-element-1124773 elementor-widget elementor-widget-text-editor\" data-id=\"1124773\" data-element_type=\"widget\" data-e-type=\"widget\" data-widget_type=\"text-editor.default\">\n\t\t\t\t<div class=\"elementor-widget-container\">\n\t\t\t\t\t\t\t\t\t<h2>&nbsp;<\/h2>\n<h2>&nbsp;<\/h2>\n<h2><span data-preserver-spaces=\"true\">Tietosuojaseloste<\/span><\/h2>\n<p><span data-preserver-spaces=\"true\">Laatimisp\u00e4iv\u00e4: 13.12.2024<\/span><\/p>\n<hr>\n<h3><span data-preserver-spaces=\"true\">Keit\u00e4 olemme<\/span><\/h3>\n<p><span data-preserver-spaces=\"true\">Verkkosivustomme osoite on: <a href=\"https:\/\/purelapland.fi\/fi\/\">https:\/\/purelapland.fi\/<\/a><\/span><\/p>\n<p><strong>Wild Husky Rovaniemi Oy<\/strong><\/p>\n<p><span data-preserver-spaces=\"true\">Osoite:&nbsp;<\/span><span data-preserver-spaces=\"true\">Toukolantie 49, 97130 Hirvas<\/span><\/p>\n<p><span data-preserver-spaces=\"true\">Puhelin:&nbsp;<\/span><span data-preserver-spaces=\"true\"><\/span><span data-preserver-spaces=\"true\">+358 50 360 6269<\/span><\/p>\n<p><span data-preserver-spaces=\"true\">S\u00e4hk\u00f6posti: <a href=\"mailto:office@purelapland.fi\">office@purelapland.fi<\/a><\/span><\/p>\n<p><span data-preserver-spaces=\"true\">Y-tunnus:&nbsp;<\/span><span data-preserver-spaces=\"true\">3247227-2<\/span><\/p>\n<p><strong><span data-preserver-spaces=\"true\">Yhteyshenkil\u00f6 rekisteri\u00e4 koskevissa asioissa<\/span><\/strong><\/p>\n<p><span data-preserver-spaces=\"true\">Nimi:&nbsp;<\/span><span data-preserver-spaces=\"true\">Janne + Hanna Ven\u00e4l\u00e4inen<\/span><\/p>\n<p><span data-preserver-spaces=\"true\">Puhelin:&nbsp;<\/span><span data-preserver-spaces=\"true\">+358 50 360 6269<\/span><\/p>\n<p><span data-preserver-spaces=\"true\">S\u00e4hk\u00f6posti: <a href=\"mailto:office@purelapland.fi\">office@purelapland.fi<\/a><\/span><\/p>\n<hr>\n<h2><span data-preserver-spaces=\"true\">Rekisterin nimi<\/span><\/h2>\n<p><strong><span data-preserver-spaces=\"true\">Pure Laplandin markkinointi- ja asiakasrekisteri<\/span><\/strong><\/p>\n<hr>\n<h3><span data-preserver-spaces=\"true\">Mit\u00e4 henkil\u00f6tietoa ker\u00e4\u00e4mme ja miksi<\/span><\/h3>\n<h4><span data-preserver-spaces=\"true\">Yhteydenottolomakkeet<\/span><\/h4>\n<p><span data-preserver-spaces=\"true\">Yhteydenottolomakkeen yhteydess\u00e4 ker\u00e4\u00e4mme seuraavat tiedot:<\/span><\/p>\n<ul>\n<li><span data-preserver-spaces=\"true\">Nimi<\/span><\/li>\n<li><span data-preserver-spaces=\"true\">S\u00e4hk\u00f6posti<\/span><\/li>\n<\/ul>\n<p><span data-preserver-spaces=\"true\">Yll\u00e4 mainitut tiedot ker\u00e4t\u00e4\u00e4n asiakkaan tunnistusta sek\u00e4 mahdollisia yhteydenottoja varten.<\/span><\/p>\n<h4><span data-preserver-spaces=\"true\">Muilta sivustoilta upotettu sis\u00e4lt\u00f6<\/span><\/h4>\n<p><span data-preserver-spaces=\"true\">T\u00e4m\u00e4n sivuston artikkelit voivat sis\u00e4lt\u00e4\u00e4 upotettua sis\u00e4lt\u00f6\u00e4 (esimerkiksi videoita, kuvia, artikkeleita jne.). Toisilta sivustoilta tuodun upotetun sis\u00e4ll\u00f6n avaaminen on verrattavissa siihen, ett\u00e4 vierailija itse k\u00e4visi kolmannen osapuolen sivustolla.<\/span><\/p>\n<p><span data-preserver-spaces=\"true\">N\u00e4m\u00e4 sivustot voivat ker\u00e4t\u00e4 tietoa sinusta, k\u00e4ytt\u00e4\u00e4 ev\u00e4steit\u00e4, upottaa kolmannen osapuolen seurantaev\u00e4steit\u00e4 ja monitoroida vuorovaikutustasi upotetun sis\u00e4ll\u00f6n kanssa, mukaan lukien vuorovaikutuksen seuranta jos ja kun olet kirjautunut k\u00e4ytt\u00e4j\u00e4n\u00e4 sivustolle.<\/span><\/p>\n<ul>\n<li><span data-preserver-spaces=\"true\">Google Maps (<\/span><a href=\"https:\/\/www.google.com\/maps\" target=\"_blank\" rel=\"noopener\"><span data-preserver-spaces=\"true\">https:\/\/www.google.com\/maps<\/span><\/a><span data-preserver-spaces=\"true\">)<\/span><\/li>\n<li><span data-preserver-spaces=\"true\">YouTube (<\/span><a href=\"https:\/\/www.youtube.com\/\" target=\"_blank\" rel=\"noopener\"><span data-preserver-spaces=\"true\">https:\/\/www.youtube.com\/<\/span><\/a><span data-preserver-spaces=\"true\">)<\/span><\/li>\n<li><span data-preserver-spaces=\"true\">Facebook (<\/span><a href=\"https:\/\/www.facebook.com\/\" target=\"_blank\" rel=\"noopener\"><span data-preserver-spaces=\"true\">https:\/\/www.facebook.com\/<\/span><\/a><span data-preserver-spaces=\"true\">)<\/span><\/li>\n<\/ul>\n<h4><span data-preserver-spaces=\"true\">Analytiikka<\/span><\/h4>\n<p><strong>Seuraavia analytiikkaty\u00f6kaluja k\u00e4ytet\u00e4\u00e4n verkkokaupassamme parantamaan asiakaskokemusta:<\/strong><\/p>\n<p>Google: esimerkiksi: asiakkaan reitti ja kulku verkkokaupassa<\/p>\n<p>Facebook: esimerkiksi ostotiedoista p\u00e4\u00e4tellyt samankaltaiset asiakkaat parempiin Facebook ja Instagram mainoksiin<\/p>\n<p><span data-preserver-spaces=\"true\">Verkkosivustolla k\u00e4ytet\u00e4\u00e4n Googlen (Google Inc.)<\/span><strong><span data-preserver-spaces=\"true\">Google Analytics -ohjelmaa<\/span><\/strong><span data-preserver-spaces=\"true\"> joka helpottaa sivuston k\u00e4yt\u00f6n seurantaa. T\u00e4h\u00e4n tarkoitukseen Google Analytics k\u00e4ytt\u00e4\u00e4 ev\u00e4steit\u00e4, jotka ovat k\u00e4ytt\u00e4j\u00e4n tietokoneelle siirrett\u00e4vi\u00e4 tekstitiedostoja. T\u00e4m\u00e4n verkkosivuston k\u00e4yt\u00f6st\u00e4 ev\u00e4steill\u00e4 luotu tieto siirtyy ja tallentuu Googleen. K\u00e4ytt\u00e4j\u00e4n IP-osoite anonymisoidaan ennen kuin se l\u00e4hetet\u00e4\u00e4n Googleen. K\u00e4ytt\u00e4j\u00e4n IP-osoite anonymisoidaan ennen kuin se l\u00e4hetet\u00e4\u00e4n Googleen. Privacy Shield -varmennuksensa mukaisesti Google ilmoittaa, ett\u00e4 se noudattaa EU:n ja Yhdysvaltain Privacy Shield -j\u00e4rjestely\u00e4. Google voi toimittaa Google Analyticsin ker\u00e4\u00e4mi\u00e4 tietoja kolmansille osapuolille lain sit\u00e4 edellytt\u00e4ess\u00e4 tai kolmansien osapuolten k\u00e4sitelless\u00e4 tietoja Googlen puolesta. Google Analyticsin k\u00e4ytt\u00f6ehtojen mukaan Google ei yhdist\u00e4 rekister\u00f6ityjen IP-osoitteita mihink\u00e4\u00e4n muuhun Googlessa s\u00e4ilytett\u00e4v\u00e4\u00e4n tietoon.<\/span><\/p>\n<p><strong><span data-preserver-spaces=\"true\">Voit est\u00e4\u00e4 Google Analytics ev\u00e4steet<\/span><\/strong><span data-preserver-spaces=\"true\">ottamalla k\u00e4ytt\u00f6\u00f6n vain pakolliset ev\u00e4steet<\/span><\/p>\n<p><strong><span data-preserver-spaces=\"true\">Google Analytics ev\u00e4steiden k\u00e4yt\u00f6n voi est\u00e4\u00e4<\/span><\/strong><span data-preserver-spaces=\"true\">lataamalla ja ottamalla k\u00e4ytt\u00f6\u00f6n Google Analytics Opt-out Browser Add-on -vaihtoehdon.<\/span><\/p>\n<ul>\n<li><a href=\"https:\/\/tools.google.com\/dlpage\/gaoptout?hl=en\" target=\"_blank\" rel=\"noopener\"><span data-preserver-spaces=\"true\">Google Analytics -ohjelman Opt-out Browser Add-on<\/span><\/a><\/li>\n<\/ul>\n<p><span data-preserver-spaces=\"true\">Voit est\u00e4\u00e4 ev\u00e4steiden k\u00e4yt\u00f6n kokonaan tietokoneellasi muuttamalla selaimesi asetuksia. Asetusten sijainti riippuu selaimesta. Kannattaa kuitenkin ottaa huomioon, ett\u00e4 monet toiminnot ja palvelut edellytt\u00e4v\u00e4t, ett\u00e4 verkkosivusto tallentaa tekem\u00e4si valinnat. Jos est\u00e4t ev\u00e4steet, et v\u00e4ltt\u00e4m\u00e4tt\u00e4 voi k\u00e4ytt\u00e4\u00e4 kaikkia toimintoja ja palveluja.<\/span><\/p>\n<p><span data-preserver-spaces=\"true\">Kaikissa selaimissa ev\u00e4steet voi poistaa yksitellen tai yhdell\u00e4 kertaa. Poistotoiminnon sijainti riippuu selaimesta. Alla olevista linkeist\u00e4 saat ohjeita oman selaimesi asetuksista.<\/span><\/p>\n<ul>\n<li><a href=\"http:\/\/windows.microsoft.com\/fi-fi\/internet-explorer\/delete-manage-cookies#ie=ie-9\" target=\"_blank\" rel=\"noopener\"><span data-preserver-spaces=\"true\">Ev\u00e4steiden poistaminen \/ Microsoft Internet Explorer<\/span><\/a><\/li>\n<li><a href=\"https:\/\/support.google.com\/chrome\/answer\/95647?hl=fi\" target=\"_blank\" rel=\"noopener\"><span data-preserver-spaces=\"true\">Ev\u00e4steiden poistaminen \/ Google Chrome<\/span><\/a><\/li>\n<li><a href=\"https:\/\/support.mozilla.org\/fi\/kb\/evasteiden-paalle-ja-poiskytkeminen\" target=\"_blank\" rel=\"noopener\"><span data-preserver-spaces=\"true\">Ev\u00e4steiden poistaminen \/ Mozilla Firefox<\/span><\/a><\/li>\n<li><a href=\"http:\/\/help.opera.com\/Windows\/8.50\/fi\/cookies.html\" target=\"_blank\" rel=\"noopener\"><span data-preserver-spaces=\"true\">Ev\u00e4steiden poistaminen \/ Opera<\/span><\/a><\/li>\n<\/ul>\n<hr>\n<h3><span data-preserver-spaces=\"true\">Kenelle jaamme tietosi<\/span><\/h3>\n<p><span data-preserver-spaces=\"true\">Emme jaa tietoja kolmansille osapuolille.<\/span><\/p>\n<h3><span data-preserver-spaces=\"true\">Kuinka kauan s\u00e4ilyt\u00e4mme tietoa<\/span><\/h3>\n<p><span data-preserver-spaces=\"true\">S\u00e4ilyt\u00e4mme yhteydenottolomakkeella annetut tiedot toistaiseksi. Verkkosivuston yll\u00e4pit\u00e4j\u00e4t voivat n\u00e4hd\u00e4 ja muokata annettuja tietoja.<\/span><\/p>\n<h3><span data-preserver-spaces=\"true\">Mit\u00e4 oikeuksia sinulla on omaan tietoosi<\/span><\/h3>\n<p><span data-preserver-spaces=\"true\">Asiakas voi halutessaan pyyt\u00e4\u00e4 annettujen tietojen poistamista. Oikeus omien tietojen poistoon ei koske sellaista henkil\u00f6tietoa, joka meid\u00e4n on s\u00e4ilytett\u00e4v\u00e4 yll\u00e4pidollisista, juridisista tai tietoturvaan liittyvist\u00e4 syist\u00e4.<\/span><\/p>\n<hr>\n<h3><span data-preserver-spaces=\"true\">Lis\u00e4tiedot<\/span><\/h3>\n<h4><span data-preserver-spaces=\"true\">Kuinka suojelemme henkil\u00f6tietojasi<\/span><\/h4>\n<p><span data-preserver-spaces=\"true\">Sivuston suojauksen parantamiseksi k\u00e4yt\u00e4mme WordFence-lis\u00e4osaa. <\/span><a href=\"https:\/\/www.wordfence.com\/privacy-policy\/\" target=\"_blank\" rel=\"noopener\"><span data-preserver-spaces=\"true\">Lue Wordfencen tietosuojaseloste<\/span><\/a><span data-preserver-spaces=\"true\">.<\/span><\/p>\n<h4><span data-preserver-spaces=\"true\">Kolmannet osapuolet, joilta saamme henkil\u00f6tietoa<\/span><\/h4>\n<p><span data-preserver-spaces=\"true\">Emme vastaanota henkil\u00f6tietoa kolmansilta osapuolilta.<\/span><\/p>\n<p><span data-preserver-spaces=\"true\"><\/span><span data-preserver-spaces=\"true\">+358 50 360 6269<\/span><\/p>\t\t\t\t\t\t\t\t<\/div>\n\t\t\t\t<\/div>\n\t\t\t\t\t<\/div>\n\t\t<\/div>\n\t\t\t\t\t<\/div>\n\t\t<\/section>\n\t\t\t\t<\/div>\n\t\t","protected":false},"excerpt":{"rendered":"<p>&nbsp; &nbsp; Tietosuojaseloste Laatimisp\u00e4iv\u00e4: 13.12.2024 Keit\u00e4 olemme Verkkosivustomme osoite on: https:\/\/purelapland.fi\/ Wild Husky Rovaniemi Oy Osoite:&nbsp;Toukolantie 49, 97130 Hirvas Puhelin:&nbsp;+358 50 360 6269 S\u00e4hk\u00f6posti: office@purelapland.fi Y-tunnus:&nbsp;3247227-2 Yhteyshenkil\u00f6 rekisteri\u00e4 koskevissa asioissa Nimi:&nbsp;Janne + Hanna Ven\u00e4l\u00e4inen Puhelin:&nbsp;+358 50 360 6269 S\u00e4hk\u00f6posti: office@purelapland.fi Rekisterin nimi Pure Laplandin markkinointi- ja asiakasrekisteri Mit\u00e4 henkil\u00f6tietoa ker\u00e4\u00e4mme ja miksi Yhteydenottolomakkeet Yhteydenottolomakkeen yhteydess\u00e4 &#8230; <a title=\"Tietosuojaseloste\" class=\"read-more\" href=\"https:\/\/purelapland.fi\/fi\/tietosuojaseloste\/\" aria-label=\"Lue lis\u00e4\u00e4 aiheesta Tietosuojaseloste\">Lue lis\u00e4\u00e4<\/a><\/p>\n","protected":false},"author":5,"featured_media":0,"parent":0,"menu_order":13,"comment_status":"closed","ping_status":"closed","template":"","meta":{"footnotes":""},"class_list":["post-6187","page","type-page","status-publish"],"_links":{"self":[{"href":"https:\/\/purelapland.fi\/fi\/wp-json\/wp\/v2\/pages\/6187","targetHints":{"allow":["GET"]}}],"collection":[{"href":"https:\/\/purelapland.fi\/fi\/wp-json\/wp\/v2\/pages"}],"about":[{"href":"https:\/\/purelapland.fi\/fi\/wp-json\/wp\/v2\/types\/page"}],"author":[{"embeddable":true,"href":"https:\/\/purelapland.fi\/fi\/wp-json\/wp\/v2\/users\/5"}],"replies":[{"embeddable":true,"href":"https:\/\/purelapland.fi\/fi\/wp-json\/wp\/v2\/comments?post=6187"}],"version-history":[{"count":6,"href":"https:\/\/purelapland.fi\/fi\/wp-json\/wp\/v2\/pages\/6187\/revisions"}],"predecessor-version":[{"id":8562,"href":"https:\/\/purelapland.fi\/fi\/wp-json\/wp\/v2\/pages\/6187\/revisions\/8562"}],"wp:attachment":[{"href":"https:\/\/purelapland.fi\/fi\/wp-json\/wp\/v2\/media?parent=6187"}],"curies":[{"name":"wp","href":"https:\/\/api.w.org\/{rel}","templated":true}]}}