{"id":463,"date":"2022-08-22T11:31:41","date_gmt":"2022-08-22T08:31:41","guid":{"rendered":"https:\/\/purelapland.fi\/info\/"},"modified":"2022-10-25T15:37:55","modified_gmt":"2022-10-25T12:37:55","slug":"info","status":"publish","type":"page","link":"https:\/\/purelapland.fi\/fi\/info\/","title":{"rendered":"Info"},"content":{"rendered":"\t\t<div data-elementor-type=\"wp-page\" data-elementor-id=\"463\" class=\"elementor elementor-463 elementor-203\" data-elementor-post-type=\"page\">\n\t\t\t\t\t\t<section class=\"elementor-section elementor-top-section elementor-element elementor-element-3cf0ac2 elementor-section-height-min-height elementor-section-items-stretch elementor-section-boxed elementor-section-height-default\" data-id=\"3cf0ac2\" data-element_type=\"section\" data-e-type=\"section\" data-settings=\"{&quot;background_background&quot;:&quot;classic&quot;,&quot;shape_divider_bottom&quot;:&quot;triangle&quot;,&quot;shape_divider_bottom_negative&quot;:&quot;yes&quot;}\">\n\t\t\t\t\t\t\t<div class=\"elementor-background-overlay\"><\/div>\n\t\t\t\t\t\t<div class=\"elementor-shape elementor-shape-bottom\" aria-hidden=\"true\" data-negative=\"true\">\n\t\t\t<svg xmlns=\"http:\/\/www.w3.org\/2000\/svg\" viewBox=\"0 0 1000 100\" preserveAspectRatio=\"none\">\n\t<path class=\"elementor-shape-fill\" d=\"M500.2,94.7L0,0v100h1000V0L500.2,94.7z\"\/>\n<\/svg>\t\t<\/div>\n\t\t\t\t\t<div class=\"elementor-container elementor-column-gap-default\">\n\t\t\t\t\t<div class=\"elementor-column elementor-col-100 elementor-top-column elementor-element elementor-element-7404e08\" data-id=\"7404e08\" data-element_type=\"column\" data-e-type=\"column\">\n\t\t\t<div class=\"elementor-widget-wrap elementor-element-populated\">\n\t\t\t\t\t\t<div class=\"elementor-element elementor-element-4ae392c elementor-widget elementor-widget-spacer\" data-id=\"4ae392c\" data-element_type=\"widget\" data-e-type=\"widget\" data-widget_type=\"spacer.default\">\n\t\t\t\t<div class=\"elementor-widget-container\">\n\t\t\t\t\t\t\t<div class=\"elementor-spacer\">\n\t\t\t<div class=\"elementor-spacer-inner\"><\/div>\n\t\t<\/div>\n\t\t\t\t\t\t<\/div>\n\t\t\t\t<\/div>\n\t\t\t\t<div class=\"elementor-element elementor-element-f8e77b6 elementor-widget elementor-widget-heading\" data-id=\"f8e77b6\" data-element_type=\"widget\" data-e-type=\"widget\" data-widget_type=\"heading.default\">\n\t\t\t\t<div class=\"elementor-widget-container\">\n\t\t\t\t\t<h1 class=\"elementor-heading-title elementor-size-default\">Pure lapland<\/h1>\t\t\t\t<\/div>\n\t\t\t\t<\/div>\n\t\t\t\t<div class=\"elementor-element elementor-element-fc37e74 elementor-widget elementor-widget-heading\" data-id=\"fc37e74\" data-element_type=\"widget\" data-e-type=\"widget\" data-widget_type=\"heading.default\">\n\t\t\t\t<div class=\"elementor-widget-container\">\n\t\t\t\t\t<h2 class=\"elementor-heading-title elementor-size-default\">Tervetuloa nauttimaan lapin aidoista kokemuksista!<\/h2>\t\t\t\t<\/div>\n\t\t\t\t<\/div>\n\t\t\t\t\t<\/div>\n\t\t<\/div>\n\t\t\t\t\t<\/div>\n\t\t<\/section>\n\t\t\t\t<section class=\"elementor-section elementor-top-section elementor-element elementor-element-d9108b9 elementor-section-boxed elementor-section-height-default elementor-section-height-default\" data-id=\"d9108b9\" data-element_type=\"section\" data-e-type=\"section\">\n\t\t\t\t\t\t<div class=\"elementor-container elementor-column-gap-default\">\n\t\t\t\t\t<div class=\"elementor-column elementor-col-50 elementor-top-column elementor-element elementor-element-8fe64dd\" data-id=\"8fe64dd\" data-element_type=\"column\" data-e-type=\"column\">\n\t\t\t<div class=\"elementor-widget-wrap elementor-element-populated\">\n\t\t\t\t\t\t<div class=\"elementor-element elementor-element-20af4ae elementor-widget elementor-widget-heading\" data-id=\"20af4ae\" data-element_type=\"widget\" data-e-type=\"widget\" data-widget_type=\"heading.default\">\n\t\t\t\t<div class=\"elementor-widget-container\">\n\t\t\t\t\t<h2 class=\"elementor-heading-title elementor-size-default\">Pure Lapland on puhdasta luontoa, autenttisia el\u00e4myksi\u00e4 ja aitoa Lapin tunnelmaa.<\/h2>\t\t\t\t<\/div>\n\t\t\t\t<\/div>\n\t\t\t\t<div class=\"elementor-element elementor-element-dbf67ee elementor-widget elementor-widget-text-editor\" data-id=\"dbf67ee\" data-element_type=\"widget\" data-e-type=\"widget\" data-widget_type=\"text-editor.default\">\n\t\t\t\t<div class=\"elementor-widget-container\">\n\t\t\t\t\t\t\t\t\t<p><span style=\"font-weight: 400;\">Pure Lapland on paikallinen perheyritys Rovaniemelt\u00e4, joka tarjoaa matkailijoille aktiviteetteja ja seikkailuja vuoden ymp\u00e4ri. Meill\u00e4 p\u00e4\u00e4set testaamaan mm. kalastustaitojasi, kiit\u00e4m\u00e4\u00e4n lumisten metsien l\u00e4pi siperianhuskien kanssa sek\u00e4 nostamaan adrenaliinia moottorikelkkojen ja m\u00f6nkij\u00f6iden parissa. P\u00e4\u00e4set my\u00f6s kokemaan upean y\u00f6tt\u00f6m\u00e4n y\u00f6n ja uskomattomat revontulet!  <\/span><\/p>\n\t\t\t\t\t\t\t\t<\/div>\n\t\t\t\t<\/div>\n\t\t\t\t<div class=\"elementor-element elementor-element-12c367f elementor-widget elementor-widget-text-editor\" data-id=\"12c367f\" data-element_type=\"widget\" data-e-type=\"widget\" data-widget_type=\"text-editor.default\">\n\t\t\t\t<div class=\"elementor-widget-container\">\n\t\t\t\t\t\t\t\t\t<p>Luonnon sek\u00e4 el\u00e4inten hyvinvointi on meille ensisijaisen t\u00e4rke\u00e4\u00e4. N\u00e4ist\u00e4 huolehtimalla, voimme tarjota matkailijoille autenttisia ja eettisi\u00e4 el\u00e4myksi\u00e4 Lapin puhtaassa luonnossa. <\/p>\n<p>Jokaista asiakasta kohden sitoudumme istuttamaan puun, kompensoimaan el\u00e4myksest\u00e4 syntyv\u00e4\u00e4 hiilijalanj\u00e4lke\u00e4. Meid\u00e4n tavoitteemme on olla aitoja ja turvallisia el\u00e4myksi\u00e4 tarjoava yritys, ammattitaitoisten oppaidemme takaamana. <\/p>\n\t\t\t\t\t\t\t\t<\/div>\n\t\t\t\t<\/div>\n\t\t\t\t\t<\/div>\n\t\t<\/div>\n\t\t\t\t<div class=\"elementor-column elementor-col-50 elementor-top-column elementor-element elementor-element-9ba1cd5\" data-id=\"9ba1cd5\" data-element_type=\"column\" data-e-type=\"column\">\n\t\t\t<div class=\"elementor-widget-wrap elementor-element-populated\">\n\t\t\t\t\t\t<div class=\"elementor-element elementor-element-20569df elementor-widget elementor-widget-gallery\" data-id=\"20569df\" data-element_type=\"widget\" data-e-type=\"widget\" data-settings=\"{&quot;columns&quot;:2,&quot;gap&quot;:{&quot;unit&quot;:&quot;px&quot;,&quot;size&quot;:25,&quot;sizes&quot;:[]},&quot;aspect_ratio&quot;:&quot;1:1&quot;,&quot;columns_tablet&quot;:4,&quot;columns_mobile&quot;:2,&quot;gap_laptop&quot;:{&quot;unit&quot;:&quot;px&quot;,&quot;size&quot;:20,&quot;sizes&quot;:[]},&quot;gap_tablet&quot;:{&quot;unit&quot;:&quot;px&quot;,&quot;size&quot;:20,&quot;sizes&quot;:[]},&quot;lazyload&quot;:&quot;yes&quot;,&quot;gallery_layout&quot;:&quot;grid&quot;,&quot;gap_mobile&quot;:{&quot;unit&quot;:&quot;px&quot;,&quot;size&quot;:10,&quot;sizes&quot;:[]},&quot;link_to&quot;:&quot;file&quot;,&quot;content_hover_animation&quot;:&quot;fade-in&quot;}\" data-widget_type=\"gallery.default\">\n\t\t\t\t<div class=\"elementor-widget-container\">\n\t\t\t\t\t\t\t<div class=\"elementor-gallery__container\">\n\t\t\t\t\t\t\t<a class=\"e-gallery-item elementor-gallery-item elementor-animated-content\" href=\"https:\/\/purelapland.fi\/wp-content\/uploads\/2022\/08\/Kelkkailu-drone.jpg\" data-elementor-open-lightbox=\"yes\" data-elementor-lightbox-slideshow=\"20569df\" data-elementor-lightbox-title=\"Kelkkailu-drone\" data-e-action-hash=\"#elementor-action%3Aaction%3Dlightbox%26settings%3DeyJpZCI6OTAsInVybCI6Imh0dHBzOlwvXC9wdXJlbGFwbGFuZC5maVwvd3AtY29udGVudFwvdXBsb2Fkc1wvMjAyMlwvMDhcL0tlbGtrYWlsdS1kcm9uZS5qcGciLCJzbGlkZXNob3ciOiIyMDU2OWRmIn0%3D\">\n\t\t\t\t\t<div class=\"e-gallery-image elementor-gallery-item__image\" data-thumbnail=\"https:\/\/purelapland.fi\/wp-content\/uploads\/2022\/08\/Kelkkailu-drone-768x555.jpg\" data-width=\"768\" data-height=\"555\" aria-label=\"\" role=\"img\" ><\/div>\n\t\t\t\t\t\t\t\t\t\t\t\t\t\t<\/a>\n\t\t\t\t\t\t\t<a class=\"e-gallery-item elementor-gallery-item elementor-animated-content\" href=\"https:\/\/purelapland.fi\/wp-content\/uploads\/2022\/08\/kota-makkarat.jpg\" data-elementor-open-lightbox=\"yes\" data-elementor-lightbox-slideshow=\"20569df\" data-elementor-lightbox-title=\"kota-makkarat\" data-e-action-hash=\"#elementor-action%3Aaction%3Dlightbox%26settings%3DeyJpZCI6OTEsInVybCI6Imh0dHBzOlwvXC9wdXJlbGFwbGFuZC5maVwvd3AtY29udGVudFwvdXBsb2Fkc1wvMjAyMlwvMDhcL2tvdGEtbWFra2FyYXQuanBnIiwic2xpZGVzaG93IjoiMjA1NjlkZiJ9\">\n\t\t\t\t\t<div class=\"e-gallery-image elementor-gallery-item__image\" data-thumbnail=\"https:\/\/purelapland.fi\/wp-content\/uploads\/2022\/08\/kota-makkarat-768x511.jpg\" data-width=\"768\" data-height=\"511\" aria-label=\"\" role=\"img\" ><\/div>\n\t\t\t\t\t\t\t\t\t\t\t\t\t\t<\/a>\n\t\t\t\t\t\t\t<a class=\"e-gallery-item elementor-gallery-item elementor-animated-content\" href=\"https:\/\/purelapland.fi\/wp-content\/uploads\/2022\/10\/DSC7032-1-scaled.jpg\" data-elementor-open-lightbox=\"yes\" data-elementor-lightbox-slideshow=\"20569df\" data-elementor-lightbox-title=\"summer carriage husky safari pure lapland rovaniemi\" data-e-action-hash=\"#elementor-action%3Aaction%3Dlightbox%26settings%3DeyJpZCI6MTQ3NywidXJsIjoiaHR0cHM6XC9cL3B1cmVsYXBsYW5kLmZpXC93cC1jb250ZW50XC91cGxvYWRzXC8yMDIyXC8xMFwvRFNDNzAzMi0xLXNjYWxlZC5qcGciLCJzbGlkZXNob3ciOiIyMDU2OWRmIn0%3D\">\n\t\t\t\t\t<div class=\"e-gallery-image elementor-gallery-item__image\" data-thumbnail=\"https:\/\/purelapland.fi\/wp-content\/uploads\/2022\/10\/DSC7032-1-768x507.jpg\" data-width=\"768\" data-height=\"507\" aria-label=\"summer carriage husky safari pure lapland rovaniemi\" role=\"img\" ><\/div>\n\t\t\t\t\t\t\t\t\t\t\t\t\t\t<\/a>\n\t\t\t\t\t<\/div>\n\t\t\t\t\t<\/div>\n\t\t\t\t<\/div>\n\t\t\t\t\t<\/div>\n\t\t<\/div>\n\t\t\t\t\t<\/div>\n\t\t<\/section>\n\t\t\t\t<section class=\"elementor-section elementor-top-section elementor-element elementor-element-9ac5b5a elementor-section-boxed elementor-section-height-default elementor-section-height-default\" data-id=\"9ac5b5a\" data-element_type=\"section\" data-e-type=\"section\">\n\t\t\t\t\t\t<div class=\"elementor-container elementor-column-gap-default\">\n\t\t\t\t\t<div class=\"elementor-column elementor-col-100 elementor-top-column elementor-element elementor-element-7bb285d\" data-id=\"7bb285d\" data-element_type=\"column\" data-e-type=\"column\">\n\t\t\t<div class=\"elementor-widget-wrap elementor-element-populated\">\n\t\t\t\t\t\t<div class=\"elementor-element elementor-element-f5cde36 elementor-widget elementor-widget-gallery\" data-id=\"f5cde36\" data-element_type=\"widget\" data-e-type=\"widget\" data-settings=\"{&quot;lazyload&quot;:&quot;yes&quot;,&quot;gallery_layout&quot;:&quot;grid&quot;,&quot;columns&quot;:4,&quot;columns_tablet&quot;:2,&quot;columns_mobile&quot;:1,&quot;gap&quot;:{&quot;unit&quot;:&quot;px&quot;,&quot;size&quot;:10,&quot;sizes&quot;:[]},&quot;gap_laptop&quot;:{&quot;unit&quot;:&quot;px&quot;,&quot;size&quot;:10,&quot;sizes&quot;:[]},&quot;gap_tablet&quot;:{&quot;unit&quot;:&quot;px&quot;,&quot;size&quot;:10,&quot;sizes&quot;:[]},&quot;gap_mobile&quot;:{&quot;unit&quot;:&quot;px&quot;,&quot;size&quot;:10,&quot;sizes&quot;:[]},&quot;link_to&quot;:&quot;file&quot;,&quot;aspect_ratio&quot;:&quot;3:2&quot;,&quot;overlay_background&quot;:&quot;yes&quot;,&quot;content_hover_animation&quot;:&quot;fade-in&quot;}\" data-widget_type=\"gallery.default\">\n\t\t\t\t<div class=\"elementor-widget-container\">\n\t\t\t\t\t\t\t<div class=\"elementor-gallery__container\">\n\t\t\t\t\t\t\t<a class=\"e-gallery-item elementor-gallery-item elementor-animated-content\" href=\"https:\/\/purelapland.fi\/wp-content\/uploads\/2022\/08\/1b70215d-5923-41b4-ba68-f99a7959038f.jpeg\" data-elementor-open-lightbox=\"yes\" data-elementor-lightbox-slideshow=\"f5cde36\" data-elementor-lightbox-title=\"Thrilling snowmobile safari pure lapland rovaniemi\" data-e-action-hash=\"#elementor-action%3Aaction%3Dlightbox%26settings%3DeyJpZCI6MzM5LCJ1cmwiOiJodHRwczpcL1wvcHVyZWxhcGxhbmQuZmlcL3dwLWNvbnRlbnRcL3VwbG9hZHNcLzIwMjJcLzA4XC8xYjcwMjE1ZC01OTIzLTQxYjQtYmE2OC1mOTlhNzk1OTAzOGYuanBlZyIsInNsaWRlc2hvdyI6ImY1Y2RlMzYifQ%3D%3D\">\n\t\t\t\t\t<div class=\"e-gallery-image elementor-gallery-item__image\" data-thumbnail=\"https:\/\/purelapland.fi\/wp-content\/uploads\/2022\/08\/1b70215d-5923-41b4-ba68-f99a7959038f-768x511.jpeg\" data-width=\"768\" data-height=\"511\" aria-label=\"Thrilling snowmobile safari pure lapland rovaniemi\" role=\"img\" ><\/div>\n\t\t\t\t\t\t\t\t\t\t\t<div class=\"elementor-gallery-item__overlay\"><\/div>\n\t\t\t\t\t\t\t\t\t\t\t\t\t\t<\/a>\n\t\t\t\t\t\t\t<a class=\"e-gallery-item elementor-gallery-item elementor-animated-content\" href=\"https:\/\/purelapland.fi\/wp-content\/uploads\/2022\/08\/f749ade4-507e-4740-a1c1-2b92f5a337ff.jpeg\" data-elementor-open-lightbox=\"yes\" data-elementor-lightbox-slideshow=\"f5cde36\" data-elementor-lightbox-title=\"pure amazing mushing husky safari experience pure lapland rovaniemi\" data-e-action-hash=\"#elementor-action%3Aaction%3Dlightbox%26settings%3DeyJpZCI6MzM4LCJ1cmwiOiJodHRwczpcL1wvcHVyZWxhcGxhbmQuZmlcL3dwLWNvbnRlbnRcL3VwbG9hZHNcLzIwMjJcLzA4XC9mNzQ5YWRlNC01MDdlLTQ3NDAtYTFjMS0yYjkyZjVhMzM3ZmYuanBlZyIsInNsaWRlc2hvdyI6ImY1Y2RlMzYifQ%3D%3D\">\n\t\t\t\t\t<div class=\"e-gallery-image elementor-gallery-item__image\" data-thumbnail=\"https:\/\/purelapland.fi\/wp-content\/uploads\/2022\/08\/f749ade4-507e-4740-a1c1-2b92f5a337ff-571x768.jpeg\" data-width=\"571\" data-height=\"768\" aria-label=\"pure amazing mushing husky safari experience pure lapland rovaniemi\" role=\"img\" ><\/div>\n\t\t\t\t\t\t\t\t\t\t\t<div class=\"elementor-gallery-item__overlay\"><\/div>\n\t\t\t\t\t\t\t\t\t\t\t\t\t\t<\/a>\n\t\t\t\t\t\t\t<a class=\"e-gallery-item elementor-gallery-item elementor-animated-content\" href=\"https:\/\/purelapland.fi\/wp-content\/uploads\/2022\/08\/675692cc-7110-4f4e-9f3c-8d61cd012fa2-scaled.jpeg\" data-elementor-open-lightbox=\"yes\" data-elementor-lightbox-slideshow=\"f5cde36\" data-elementor-lightbox-title=\"Northern lights safari pure lapland rovaniemi\" data-e-action-hash=\"#elementor-action%3Aaction%3Dlightbox%26settings%3DeyJpZCI6Mjg1LCJ1cmwiOiJodHRwczpcL1wvcHVyZWxhcGxhbmQuZmlcL3dwLWNvbnRlbnRcL3VwbG9hZHNcLzIwMjJcLzA4XC82NzU2OTJjYy03MTEwLTRmNGUtOWYzYy04ZDYxY2QwMTJmYTItc2NhbGVkLmpwZWciLCJzbGlkZXNob3ciOiJmNWNkZTM2In0%3D\">\n\t\t\t\t\t<div class=\"e-gallery-image elementor-gallery-item__image\" data-thumbnail=\"https:\/\/purelapland.fi\/wp-content\/uploads\/2022\/08\/675692cc-7110-4f4e-9f3c-8d61cd012fa2-768x512.jpeg\" data-width=\"768\" data-height=\"512\" aria-label=\"Northern lights safari pure lapland rovaniemi\" role=\"img\" ><\/div>\n\t\t\t\t\t\t\t\t\t\t\t<div class=\"elementor-gallery-item__overlay\"><\/div>\n\t\t\t\t\t\t\t\t\t\t\t\t\t\t<\/a>\n\t\t\t\t\t\t\t<a class=\"e-gallery-item elementor-gallery-item elementor-animated-content\" href=\"https:\/\/purelapland.fi\/wp-content\/uploads\/2022\/08\/75bd1129-3f7b-432a-be0a-ae8b653dc80d-scaled.jpeg\" data-elementor-open-lightbox=\"yes\" data-elementor-lightbox-slideshow=\"f5cde36\" data-elementor-lightbox-title=\"aurora borealis adventure with quad bikes pure lapland rovaniemi\" data-e-action-hash=\"#elementor-action%3Aaction%3Dlightbox%26settings%3DeyJpZCI6MjkxLCJ1cmwiOiJodHRwczpcL1wvcHVyZWxhcGxhbmQuZmlcL3dwLWNvbnRlbnRcL3VwbG9hZHNcLzIwMjJcLzA4XC83NWJkMTEyOS0zZjdiLTQzMmEtYmUwYS1hZThiNjUzZGM4MGQtc2NhbGVkLmpwZWciLCJzbGlkZXNob3ciOiJmNWNkZTM2In0%3D\">\n\t\t\t\t\t<div class=\"e-gallery-image elementor-gallery-item__image\" data-thumbnail=\"https:\/\/purelapland.fi\/wp-content\/uploads\/2022\/08\/75bd1129-3f7b-432a-be0a-ae8b653dc80d-768x462.jpeg\" data-width=\"768\" data-height=\"462\" aria-label=\"aurora borealis adventure with quad bikes pure lapland rovaniemi\" role=\"img\" ><\/div>\n\t\t\t\t\t\t\t\t\t\t\t<div class=\"elementor-gallery-item__overlay\"><\/div>\n\t\t\t\t\t\t\t\t\t\t\t\t\t\t<\/a>\n\t\t\t\t\t<\/div>\n\t\t\t\t\t<\/div>\n\t\t\t\t<\/div>\n\t\t\t\t\t<\/div>\n\t\t<\/div>\n\t\t\t\t\t<\/div>\n\t\t<\/section>\n\t\t\t\t<\/div>\n\t\t","protected":false},"excerpt":{"rendered":"<p>Pure lapland Tervetuloa nauttimaan lapin aidoista kokemuksista! Pure Lapland on puhdasta luontoa, autenttisia el\u00e4myksi\u00e4 ja aitoa Lapin tunnelmaa. Pure Lapland on paikallinen perheyritys Rovaniemelt\u00e4, joka tarjoaa matkailijoille aktiviteetteja ja seikkailuja vuoden ymp\u00e4ri. Meill\u00e4 p\u00e4\u00e4set testaamaan mm. kalastustaitojasi, kiit\u00e4m\u00e4\u00e4n lumisten metsien l\u00e4pi siperianhuskien kanssa sek\u00e4 nostamaan adrenaliinia moottorikelkkojen ja m\u00f6nkij\u00f6iden parissa. P\u00e4\u00e4set my\u00f6s kokemaan upean y\u00f6tt\u00f6m\u00e4n &#8230; <a title=\"Info\" class=\"read-more\" href=\"https:\/\/purelapland.fi\/fi\/info\/\" aria-label=\"Lue lis\u00e4\u00e4 aiheesta Info\">Lue lis\u00e4\u00e4<\/a><\/p>\n","protected":false},"author":1,"featured_media":420,"parent":0,"menu_order":17,"comment_status":"closed","ping_status":"closed","template":"","meta":{"footnotes":""},"class_list":["post-463","page","type-page","status-publish","has-post-thumbnail"],"_links":{"self":[{"href":"https:\/\/purelapland.fi\/fi\/wp-json\/wp\/v2\/pages\/463","targetHints":{"allow":["GET"]}}],"collection":[{"href":"https:\/\/purelapland.fi\/fi\/wp-json\/wp\/v2\/pages"}],"about":[{"href":"https:\/\/purelapland.fi\/fi\/wp-json\/wp\/v2\/types\/page"}],"author":[{"embeddable":true,"href":"https:\/\/purelapland.fi\/fi\/wp-json\/wp\/v2\/users\/1"}],"replies":[{"embeddable":true,"href":"https:\/\/purelapland.fi\/fi\/wp-json\/wp\/v2\/comments?post=463"}],"version-history":[{"count":7,"href":"https:\/\/purelapland.fi\/fi\/wp-json\/wp\/v2\/pages\/463\/revisions"}],"predecessor-version":[{"id":1999,"href":"https:\/\/purelapland.fi\/fi\/wp-json\/wp\/v2\/pages\/463\/revisions\/1999"}],"wp:featuredmedia":[{"embeddable":true,"href":"https:\/\/purelapland.fi\/fi\/wp-json\/wp\/v2\/media\/420"}],"wp:attachment":[{"href":"https:\/\/purelapland.fi\/fi\/wp-json\/wp\/v2\/media?parent=463"}],"curies":[{"name":"wp","href":"https:\/\/api.w.org\/{rel}","templated":true}]}}